{"id":269866,"date":"2025-03-20T12:03:53","date_gmt":"2025-03-20T12:03:53","guid":{"rendered":"http:\/\/lode2025.local\/product\/etna-3\/"},"modified":"2025-09-11T05:04:27","modified_gmt":"2025-09-11T05:04:27","slug":"etna-3","status":"publish","type":"product","link":"https:\/\/lode.lv\/fi\/shop\/brugesanai-fi\/klinkkeri-paallystys\/etna-3\/","title":{"rendered":"ETNA"},"content":{"rendered":"<p>Tasaisen kirjava, s\u00e4vylt\u00e4\u00e4n tumman punaruskea p\u00e4\u00e4llyste, joka antaa alueelle syvyytt\u00e4 ja eleganssia. Sen klassinen v\u00e4ri sopii hyvin sek\u00e4 perinteiseen ett\u00e4 moderniin arkkitehtuuriin. Soveltuu erityisen hyvin alueille, joilla on suuri mekaaninen kuormitus, taaten kest\u00e4vyyden ja pitk\u00e4n k\u00e4ytt\u00f6i\u00e4n.<\/p>\n","protected":false},"excerpt":{"rendered":"<p>Klinkkerip\u00e4\u00e4llyste<\/p>\n","protected":false},"featured_media":273610,"template":"","meta":{"_acf_changed":false},"product_brand":[90],"product_cat":[521,1028,1060],"product_tag":[],"class_list":{"0":"post-269866","1":"product","2":"type-product","3":"status-publish","4":"has-post-thumbnail","6":"product_brand-lode","7":"product_cat-klinkkeri-paallystys","8":"product_cat-brugesanai-fi","9":"product_cat-rudens2025","11":"first","12":"instock","13":"purchasable","14":"product-type-variable"},"acf":[],"_links":{"self":[{"href":"https:\/\/lode.lv\/fi\/wp-json\/wp\/v2\/product\/269866","targetHints":{"allow":["GET"]}}],"collection":[{"href":"https:\/\/lode.lv\/fi\/wp-json\/wp\/v2\/product"}],"about":[{"href":"https:\/\/lode.lv\/fi\/wp-json\/wp\/v2\/types\/product"}],"wp:featuredmedia":[{"embeddable":true,"href":"https:\/\/lode.lv\/fi\/wp-json\/wp\/v2\/media\/273610"}],"wp:attachment":[{"href":"https:\/\/lode.lv\/fi\/wp-json\/wp\/v2\/media?parent=269866"}],"wp:term":[{"taxonomy":"product_brand","embeddable":true,"href":"https:\/\/lode.lv\/fi\/wp-json\/wp\/v2\/product_brand?post=269866"},{"taxonomy":"product_cat","embeddable":true,"href":"https:\/\/lode.lv\/fi\/wp-json\/wp\/v2\/product_cat?post=269866"},{"taxonomy":"product_tag","embeddable":true,"href":"https:\/\/lode.lv\/fi\/wp-json\/wp\/v2\/product_tag?post=269866"}],"curies":[{"name":"wp","href":"https:\/\/api.w.org\/{rel}","templated":true}]}}