{"id":269859,"date":"2025-03-24T03:44:51","date_gmt":"2025-03-24T03:44:51","guid":{"rendered":"http:\/\/lode2025.local\/product\/andromeda-4\/"},"modified":"2025-12-08T07:25:29","modified_gmt":"2025-12-08T07:25:29","slug":"andromeda-4","status":"publish","type":"product","link":"https:\/\/lode.lv\/fi\/shop\/julkisivun-osalta\/reiitetyt-julkisivutiilet\/andromeda-4\/","title":{"rendered":"ANDROMEDA"},"content":{"rendered":"<p>ANDROMEDA yhdist\u00e4\u00e4 violetin ja punaisen s\u00e4vyj\u00e4 antaen julkisivulle ep\u00e4tavallisen ja hienostuneen ilmeen. Sen sile\u00e4 pinta luo tyylikk\u00e4\u00e4n ja siistin viimeistelyn, joka sopii sek\u00e4 moderniin ett\u00e4 historialliseen arkkitehtuuriin. Rikkaan ja syv\u00e4n v\u00e4rins\u00e4 ansiosta ANDROMEDA-tiili luo kiinte\u00e4n ja visuaalisesti rikkaan julkisivun. T\u00e4m\u00e4 tiili sopii arkkitehtuurihankkeisiin, joissa halutaan luoda rakennukselle vahva visuaalinen identiteetti yhdist\u00e4m\u00e4ll\u00e4 nykyaikainen muotoilu ja vintagen vieh\u00e4tys.   <\/p>\n","protected":false},"excerpt":{"rendered":"<p>Reik\u00e4tiili<\/p>\n","protected":false},"featured_media":272666,"template":"","meta":{"_acf_changed":false},"product_brand":[90],"product_cat":[582],"product_tag":[],"class_list":{"0":"post-269859","1":"product","2":"type-product","3":"status-publish","4":"has-post-thumbnail","6":"product_brand-lode","7":"product_cat-reiitetyt-julkisivutiilet","9":"first","10":"instock","11":"purchasable","12":"product-type-simple"},"acf":[],"_links":{"self":[{"href":"https:\/\/lode.lv\/fi\/wp-json\/wp\/v2\/product\/269859","targetHints":{"allow":["GET"]}}],"collection":[{"href":"https:\/\/lode.lv\/fi\/wp-json\/wp\/v2\/product"}],"about":[{"href":"https:\/\/lode.lv\/fi\/wp-json\/wp\/v2\/types\/product"}],"wp:featuredmedia":[{"embeddable":true,"href":"https:\/\/lode.lv\/fi\/wp-json\/wp\/v2\/media\/272666"}],"wp:attachment":[{"href":"https:\/\/lode.lv\/fi\/wp-json\/wp\/v2\/media?parent=269859"}],"wp:term":[{"taxonomy":"product_brand","embeddable":true,"href":"https:\/\/lode.lv\/fi\/wp-json\/wp\/v2\/product_brand?post=269859"},{"taxonomy":"product_cat","embeddable":true,"href":"https:\/\/lode.lv\/fi\/wp-json\/wp\/v2\/product_cat?post=269859"},{"taxonomy":"product_tag","embeddable":true,"href":"https:\/\/lode.lv\/fi\/wp-json\/wp\/v2\/product_tag?post=269859"}],"curies":[{"name":"wp","href":"https:\/\/api.w.org\/{rel}","templated":true}]}}