{"id":269858,"date":"2025-03-24T03:44:51","date_gmt":"2025-03-24T03:44:51","guid":{"rendered":"http:\/\/lode2025.local\/product\/alfa-2\/"},"modified":"2025-12-08T07:25:28","modified_gmt":"2025-12-08T07:25:28","slug":"alfa-2","status":"publish","type":"product","link":"https:\/\/lode.lv\/fi\/shop\/julkisivun-osalta\/reiitetyt-julkisivutiilet\/alfa-2\/","title":{"rendered":"ALFA"},"content":{"rendered":"<p>ALFA-tiilelle on ominaista samettinen syv\u00e4npunainen s\u00e4vy, joka luo l\u00e4mpim\u00e4n tunnelman. Sen sile\u00e4 pinta antaa sein\u00e4lle siistin ja tyylikk\u00e4\u00e4n ulkon\u00e4\u00f6n, jonka ansiosta se voi sulautua ymp\u00e4rist\u00f6\u00f6ns\u00e4 tai luoda kevyen, harmonisen kontrastin. ALFA-tiili sopii sek\u00e4 klassisiin ett\u00e4 moderneihin rakennuksiin, ja se ymp\u00e4r\u00f6i rakennuksen kutsuvalla ja viihtyis\u00e4ll\u00e4 tunnelmalla s\u00e4ilytt\u00e4en samalla kest\u00e4vyytens\u00e4 ja laatunsa.  <\/p>\n","protected":false},"excerpt":{"rendered":"<p>Reik\u00e4tiili<\/p>\n","protected":false},"featured_media":272658,"template":"","meta":{"_acf_changed":false},"product_brand":[90],"product_cat":[582],"product_tag":[],"class_list":{"0":"post-269858","1":"product","2":"type-product","3":"status-publish","4":"has-post-thumbnail","6":"product_brand-lode","7":"product_cat-reiitetyt-julkisivutiilet","9":"first","10":"instock","11":"purchasable","12":"product-type-simple"},"acf":[],"_links":{"self":[{"href":"https:\/\/lode.lv\/fi\/wp-json\/wp\/v2\/product\/269858","targetHints":{"allow":["GET"]}}],"collection":[{"href":"https:\/\/lode.lv\/fi\/wp-json\/wp\/v2\/product"}],"about":[{"href":"https:\/\/lode.lv\/fi\/wp-json\/wp\/v2\/types\/product"}],"wp:featuredmedia":[{"embeddable":true,"href":"https:\/\/lode.lv\/fi\/wp-json\/wp\/v2\/media\/272658"}],"wp:attachment":[{"href":"https:\/\/lode.lv\/fi\/wp-json\/wp\/v2\/media?parent=269858"}],"wp:term":[{"taxonomy":"product_brand","embeddable":true,"href":"https:\/\/lode.lv\/fi\/wp-json\/wp\/v2\/product_brand?post=269858"},{"taxonomy":"product_cat","embeddable":true,"href":"https:\/\/lode.lv\/fi\/wp-json\/wp\/v2\/product_cat?post=269858"},{"taxonomy":"product_tag","embeddable":true,"href":"https:\/\/lode.lv\/fi\/wp-json\/wp\/v2\/product_tag?post=269858"}],"curies":[{"name":"wp","href":"https:\/\/api.w.org\/{rel}","templated":true}]}}