{"id":269853,"date":"2025-03-24T03:44:51","date_gmt":"2025-03-24T03:44:51","guid":{"rendered":"http:\/\/lode2025.local\/product\/blanka\/"},"modified":"2025-12-08T07:25:28","modified_gmt":"2025-12-08T07:25:28","slug":"blanka","status":"publish","type":"product","link":"https:\/\/lode.lv\/fi\/shop\/julkisivun-osalta\/reiitetyt-julkisivutiilet\/blanka\/","title":{"rendered":"BLANKA"},"content":{"rendered":"<p>Lakoninen valkoinen tiili, joka luo visuaalista keveytt\u00e4 ja avaruuden tunnetta. Sile\u00e4 pinta antaa sein\u00e4lle hienostuneen ja tyylikk\u00e4\u00e4n ilmeen, mik\u00e4 tekee siit\u00e4 t\u00e4ydellisen valinnan moderneihin, minimalistisiin julkisivuihin ja sis\u00e4tiloihin. Vaalean s\u00e4vyns\u00e4 ansiosta BLANKA heijastaa hyvin valoa ja luo arkkitehtonista selkeytt\u00e4, joka korostaa sek\u00e4 moderneja ett\u00e4 klassisia suunnitteluratkaisuja.  <\/p>\n","protected":false},"excerpt":{"rendered":"<p>Reik\u00e4tiili<\/p>\n","protected":false},"featured_media":272910,"template":"","meta":{"_acf_changed":false},"product_brand":[90],"product_cat":[582],"product_tag":[],"class_list":{"0":"post-269853","1":"product","2":"type-product","3":"status-publish","4":"has-post-thumbnail","6":"product_brand-lode","7":"product_cat-reiitetyt-julkisivutiilet","9":"first","10":"instock","11":"purchasable","12":"product-type-simple"},"acf":[],"_links":{"self":[{"href":"https:\/\/lode.lv\/fi\/wp-json\/wp\/v2\/product\/269853","targetHints":{"allow":["GET"]}}],"collection":[{"href":"https:\/\/lode.lv\/fi\/wp-json\/wp\/v2\/product"}],"about":[{"href":"https:\/\/lode.lv\/fi\/wp-json\/wp\/v2\/types\/product"}],"wp:featuredmedia":[{"embeddable":true,"href":"https:\/\/lode.lv\/fi\/wp-json\/wp\/v2\/media\/272910"}],"wp:attachment":[{"href":"https:\/\/lode.lv\/fi\/wp-json\/wp\/v2\/media?parent=269853"}],"wp:term":[{"taxonomy":"product_brand","embeddable":true,"href":"https:\/\/lode.lv\/fi\/wp-json\/wp\/v2\/product_brand?post=269853"},{"taxonomy":"product_cat","embeddable":true,"href":"https:\/\/lode.lv\/fi\/wp-json\/wp\/v2\/product_cat?post=269853"},{"taxonomy":"product_tag","embeddable":true,"href":"https:\/\/lode.lv\/fi\/wp-json\/wp\/v2\/product_tag?post=269853"}],"curies":[{"name":"wp","href":"https:\/\/api.w.org\/{rel}","templated":true}]}}