{"id":269831,"date":"2025-03-24T03:45:00","date_gmt":"2025-03-24T03:45:00","guid":{"rendered":"http:\/\/lode2025.local\/product\/hiili-2\/"},"modified":"2025-12-08T07:25:26","modified_gmt":"2025-12-08T07:25:26","slug":"hiili-2","status":"publish","type":"product","link":"https:\/\/lode.lv\/fi\/shop\/julkisivun-osalta\/reiitetyt-julkisivutiilet\/hiili-2\/","title":{"rendered":"CARBON"},"content":{"rendered":"<p>Tiilen v\u00e4ri on samettisen musta ja pinta sile\u00e4, mik\u00e4 antaa julkisivulle monoliittisen ja modernin ilmeen. CARBON voidaan yhdist\u00e4\u00e4 toimivasti luonnonmateriaaleihin, kuten puuhun, metalliin ja lasiin modernin ja lakonisen arkkitehtuurin luomiseksi. T\u00e4m\u00e4 musta tiili sopii sek\u00e4 minimalistisiin ett\u00e4 teollisiin rakennuksiin. Se on visuaalisesti voimakas elementti, joka tekee kaikista julkisivuista erityisen n\u00e4ytt\u00e4vi\u00e4 ja nykyaikaisia.  <\/p>\n","protected":false},"excerpt":{"rendered":"<p>Reik\u00e4tiili<\/p>\n","protected":false},"featured_media":272878,"template":"","meta":{"_acf_changed":false},"product_brand":[90],"product_cat":[582],"product_tag":[],"class_list":{"0":"post-269831","1":"product","2":"type-product","3":"status-publish","4":"has-post-thumbnail","6":"product_brand-lode","7":"product_cat-reiitetyt-julkisivutiilet","9":"first","10":"instock","11":"purchasable","12":"product-type-simple"},"acf":[],"_links":{"self":[{"href":"https:\/\/lode.lv\/fi\/wp-json\/wp\/v2\/product\/269831","targetHints":{"allow":["GET"]}}],"collection":[{"href":"https:\/\/lode.lv\/fi\/wp-json\/wp\/v2\/product"}],"about":[{"href":"https:\/\/lode.lv\/fi\/wp-json\/wp\/v2\/types\/product"}],"wp:featuredmedia":[{"embeddable":true,"href":"https:\/\/lode.lv\/fi\/wp-json\/wp\/v2\/media\/272878"}],"wp:attachment":[{"href":"https:\/\/lode.lv\/fi\/wp-json\/wp\/v2\/media?parent=269831"}],"wp:term":[{"taxonomy":"product_brand","embeddable":true,"href":"https:\/\/lode.lv\/fi\/wp-json\/wp\/v2\/product_brand?post=269831"},{"taxonomy":"product_cat","embeddable":true,"href":"https:\/\/lode.lv\/fi\/wp-json\/wp\/v2\/product_cat?post=269831"},{"taxonomy":"product_tag","embeddable":true,"href":"https:\/\/lode.lv\/fi\/wp-json\/wp\/v2\/product_tag?post=269831"}],"curies":[{"name":"wp","href":"https:\/\/api.w.org\/{rel}","templated":true}]}}