{"id":269825,"date":"2025-03-24T03:45:00","date_gmt":"2025-03-24T03:45:00","guid":{"rendered":"http:\/\/lode2025.local\/product\/etna-2\/"},"modified":"2025-12-08T07:25:25","modified_gmt":"2025-12-08T07:25:25","slug":"etna-2","status":"publish","type":"product","link":"https:\/\/lode.lv\/fi\/shop\/julkisivun-osalta\/reiitetyt-julkisivutiilet\/etna-2\/","title":{"rendered":"ETNA"},"content":{"rendered":"<p>ETNA-tiilen v\u00e4ris\u00e4vyt ovat rikas, syv\u00e4 kastanjanruskea ja violetti, mik\u00e4 antaa julkisivulle vahvan ja erottuvan visuaalisen ilmeen, jota tiilen sile\u00e4 ja rauhallinen pinta harmonisoi. Sopii niille, jotka haluavat luoda ainutlaatuisen ja kest\u00e4v\u00e4n julkisivun, joka s\u00e4ilytt\u00e4\u00e4 houkuttelevuutensa ja kest\u00e4vyytens\u00e4 ymp\u00e4rist\u00f6n vaikutuksille ajan saatossa. ETNA soveltuu my\u00f6s uunien ja savupiippujen verhoiluun sek\u00e4 kylpytiloihin ja kattoelementteihin.  <\/p>\n","protected":false},"excerpt":{"rendered":"<p>Reik\u00e4tiili<\/p>\n","protected":false},"featured_media":272678,"template":"","meta":{"_acf_changed":false},"product_brand":[90],"product_cat":[582],"product_tag":[],"class_list":{"0":"post-269825","1":"product","2":"type-product","3":"status-publish","4":"has-post-thumbnail","6":"product_brand-lode","7":"product_cat-reiitetyt-julkisivutiilet","9":"first","10":"instock","11":"purchasable","12":"product-type-simple"},"acf":[],"_links":{"self":[{"href":"https:\/\/lode.lv\/fi\/wp-json\/wp\/v2\/product\/269825","targetHints":{"allow":["GET"]}}],"collection":[{"href":"https:\/\/lode.lv\/fi\/wp-json\/wp\/v2\/product"}],"about":[{"href":"https:\/\/lode.lv\/fi\/wp-json\/wp\/v2\/types\/product"}],"wp:featuredmedia":[{"embeddable":true,"href":"https:\/\/lode.lv\/fi\/wp-json\/wp\/v2\/media\/272678"}],"wp:attachment":[{"href":"https:\/\/lode.lv\/fi\/wp-json\/wp\/v2\/media?parent=269825"}],"wp:term":[{"taxonomy":"product_brand","embeddable":true,"href":"https:\/\/lode.lv\/fi\/wp-json\/wp\/v2\/product_brand?post=269825"},{"taxonomy":"product_cat","embeddable":true,"href":"https:\/\/lode.lv\/fi\/wp-json\/wp\/v2\/product_cat?post=269825"},{"taxonomy":"product_tag","embeddable":true,"href":"https:\/\/lode.lv\/fi\/wp-json\/wp\/v2\/product_tag?post=269825"}],"curies":[{"name":"wp","href":"https:\/\/api.w.org\/{rel}","templated":true}]}}