{"id":269820,"date":"2025-03-24T03:45:00","date_gmt":"2025-03-24T03:45:00","guid":{"rendered":"http:\/\/lode2025.local\/product\/gemini-2\/"},"modified":"2025-12-08T07:25:25","modified_gmt":"2025-12-08T07:25:25","slug":"gemini-2","status":"publish","type":"product","link":"https:\/\/lode.lv\/fi\/shop\/julkisivun-osalta\/reiitetyt-julkisivutiilet\/gemini-2\/","title":{"rendered":"GEMINI"},"content":{"rendered":"<p>Punakirjava tiili, jonka sile\u00e4 pinta lis\u00e4\u00e4 julkisivun tyylikkyytt\u00e4 ja syvyytt\u00e4. Tiilen luonnollisten s\u00e4vyjen ansiosta se sulautuu t\u00e4ydellisesti ymp\u00e4rist\u00f6\u00f6ns\u00e4 ja antaa rakennukselle luonnollisen ja tyylikk\u00e4\u00e4n ilmeen. GEMINI-tiili sopii sek\u00e4 teolliseen ett\u00e4 minimalistiseen muotoiluun, ja se on ihanteellinen valinta, jos haluat yhdist\u00e4\u00e4 modernin estetiikan ja klassisten materiaalien kest\u00e4vyyden.<\/p>\n","protected":false},"excerpt":{"rendered":"<p>Reik\u00e4tiili<\/p>\n","protected":false},"featured_media":272890,"template":"","meta":{"_acf_changed":false},"product_brand":[90],"product_cat":[582],"product_tag":[],"class_list":{"0":"post-269820","1":"product","2":"type-product","3":"status-publish","4":"has-post-thumbnail","6":"product_brand-lode","7":"product_cat-reiitetyt-julkisivutiilet","9":"first","10":"instock","11":"purchasable","12":"product-type-simple"},"acf":[],"_links":{"self":[{"href":"https:\/\/lode.lv\/fi\/wp-json\/wp\/v2\/product\/269820","targetHints":{"allow":["GET"]}}],"collection":[{"href":"https:\/\/lode.lv\/fi\/wp-json\/wp\/v2\/product"}],"about":[{"href":"https:\/\/lode.lv\/fi\/wp-json\/wp\/v2\/types\/product"}],"wp:featuredmedia":[{"embeddable":true,"href":"https:\/\/lode.lv\/fi\/wp-json\/wp\/v2\/media\/272890"}],"wp:attachment":[{"href":"https:\/\/lode.lv\/fi\/wp-json\/wp\/v2\/media?parent=269820"}],"wp:term":[{"taxonomy":"product_brand","embeddable":true,"href":"https:\/\/lode.lv\/fi\/wp-json\/wp\/v2\/product_brand?post=269820"},{"taxonomy":"product_cat","embeddable":true,"href":"https:\/\/lode.lv\/fi\/wp-json\/wp\/v2\/product_cat?post=269820"},{"taxonomy":"product_tag","embeddable":true,"href":"https:\/\/lode.lv\/fi\/wp-json\/wp\/v2\/product_tag?post=269820"}],"curies":[{"name":"wp","href":"https:\/\/api.w.org\/{rel}","templated":true}]}}