{"id":269818,"date":"2025-03-24T03:45:00","date_gmt":"2025-03-24T03:45:00","guid":{"rendered":"http:\/\/lode2025.local\/product\/galaxy-2\/"},"modified":"2025-12-08T07:25:25","modified_gmt":"2025-12-08T07:25:25","slug":"galaxy-2","status":"publish","type":"product","link":"https:\/\/lode.lv\/fi\/shop\/julkisivun-osalta\/reiitetyt-julkisivutiilet\/galaxy-2\/","title":{"rendered":"GALAXY"},"content":{"rendered":"<p>GALAXY erottuu syv\u00e4n mustalla v\u00e4rill\u00e4\u00e4n ja sile\u00e4ll\u00e4 pinnallaan, mik\u00e4 antaa rakennukselle teollisen ja nykyaikaisen tunnelman. Sen monoliittinen rakenne luo minimalistisen ja visuaalisesti selke\u00e4n julkisivun, joka sopii t\u00e4ydellisesti yhteen modernien arkkitehtonisten ratkaisujen ja materiaalien, kuten metallin ja lasin, kanssa. T\u00e4m\u00e4 tiili lis\u00e4\u00e4 rakennuksen tyylikkyytt\u00e4 ja visuaalista syvyytt\u00e4 ja takaa samalla kest\u00e4vyyden ja pitk\u00e4ik\u00e4isyyden.  <\/p>\n","protected":false},"excerpt":{"rendered":"<p>Reik\u00e4tiili<\/p>\n","protected":false},"featured_media":273730,"template":"","meta":{"_acf_changed":false},"product_brand":[90],"product_cat":[582],"product_tag":[],"class_list":{"0":"post-269818","1":"product","2":"type-product","3":"status-publish","4":"has-post-thumbnail","6":"product_brand-lode","7":"product_cat-reiitetyt-julkisivutiilet","9":"first","10":"instock","11":"purchasable","12":"product-type-simple"},"acf":[],"_links":{"self":[{"href":"https:\/\/lode.lv\/fi\/wp-json\/wp\/v2\/product\/269818","targetHints":{"allow":["GET"]}}],"collection":[{"href":"https:\/\/lode.lv\/fi\/wp-json\/wp\/v2\/product"}],"about":[{"href":"https:\/\/lode.lv\/fi\/wp-json\/wp\/v2\/types\/product"}],"wp:featuredmedia":[{"embeddable":true,"href":"https:\/\/lode.lv\/fi\/wp-json\/wp\/v2\/media\/273730"}],"wp:attachment":[{"href":"https:\/\/lode.lv\/fi\/wp-json\/wp\/v2\/media?parent=269818"}],"wp:term":[{"taxonomy":"product_brand","embeddable":true,"href":"https:\/\/lode.lv\/fi\/wp-json\/wp\/v2\/product_brand?post=269818"},{"taxonomy":"product_cat","embeddable":true,"href":"https:\/\/lode.lv\/fi\/wp-json\/wp\/v2\/product_cat?post=269818"},{"taxonomy":"product_tag","embeddable":true,"href":"https:\/\/lode.lv\/fi\/wp-json\/wp\/v2\/product_tag?post=269818"}],"curies":[{"name":"wp","href":"https:\/\/api.w.org\/{rel}","templated":true}]}}