{"id":269806,"date":"2025-03-24T03:45:09","date_gmt":"2025-03-24T03:45:09","guid":{"rendered":"http:\/\/lode2025.local\/product\/krypton-new\/"},"modified":"2025-12-08T07:25:21","modified_gmt":"2025-12-08T07:25:21","slug":"krypton-new","status":"publish","type":"product","link":"https:\/\/lode.lv\/fi\/shop\/julkisivun-osalta\/reiitetyt-julkisivutiilet\/krypton-new\/","title":{"rendered":"KRYPTON NOVO"},"content":{"rendered":"<p>KRYPTON NOVOn rikas musta v\u00e4ri ja erottuva naarmutettu rakenne luovat viel\u00e4kin syvemm\u00e4n ja kontrastikkaamman julkisivun. Pintakuvion ansiosta valon leikki erottuu erityisen hyvin, mik\u00e4 antaa julkisivulle dynaamisen ja energisen vaikutelman. KRYPTON NOVO sopii hankkeisiin, joissa halutaan ilmaista rakennuksen ilmeik\u00e4s, tyylik\u00e4s ja rohkea luonne.  <\/p>\n","protected":false},"excerpt":{"rendered":"<p>Reik\u00e4tiili<\/p>\n","protected":false},"featured_media":273734,"template":"","meta":{"_acf_changed":false},"product_brand":[90],"product_cat":[582],"product_tag":[],"class_list":{"0":"post-269806","1":"product","2":"type-product","3":"status-publish","4":"has-post-thumbnail","6":"product_brand-lode","7":"product_cat-reiitetyt-julkisivutiilet","9":"first","10":"instock","11":"purchasable","12":"product-type-simple"},"acf":[],"_links":{"self":[{"href":"https:\/\/lode.lv\/fi\/wp-json\/wp\/v2\/product\/269806","targetHints":{"allow":["GET"]}}],"collection":[{"href":"https:\/\/lode.lv\/fi\/wp-json\/wp\/v2\/product"}],"about":[{"href":"https:\/\/lode.lv\/fi\/wp-json\/wp\/v2\/types\/product"}],"wp:featuredmedia":[{"embeddable":true,"href":"https:\/\/lode.lv\/fi\/wp-json\/wp\/v2\/media\/273734"}],"wp:attachment":[{"href":"https:\/\/lode.lv\/fi\/wp-json\/wp\/v2\/media?parent=269806"}],"wp:term":[{"taxonomy":"product_brand","embeddable":true,"href":"https:\/\/lode.lv\/fi\/wp-json\/wp\/v2\/product_brand?post=269806"},{"taxonomy":"product_cat","embeddable":true,"href":"https:\/\/lode.lv\/fi\/wp-json\/wp\/v2\/product_cat?post=269806"},{"taxonomy":"product_tag","embeddable":true,"href":"https:\/\/lode.lv\/fi\/wp-json\/wp\/v2\/product_tag?post=269806"}],"curies":[{"name":"wp","href":"https:\/\/api.w.org\/{rel}","templated":true}]}}