{"id":269799,"date":"2025-03-24T03:45:09","date_gmt":"2025-03-24T03:45:09","guid":{"rendered":"http:\/\/lode2025.local\/product\/rudit\/"},"modified":"2025-12-08T07:25:41","modified_gmt":"2025-12-08T07:25:41","slug":"rudit","status":"publish","type":"product","link":"https:\/\/lode.lv\/fi\/shop\/julkisivun-osalta\/reiitetyt-julkisivutiilet\/rudit\/","title":{"rendered":"RUDITE"},"content":{"rendered":"<p>Tiilen syv\u00e4 punertava s\u00e4vy antaa julkisivulle eloisan ja luonnollisen rytmin. Sen sile\u00e4 rakenne antaa tyylikk\u00e4\u00e4n ja siistin vaikutelman, kun taas v\u00e4rien vaihteleva leikki antaa sein\u00e4lle dynaamisen ja ainutlaatuisen luonteen. T\u00e4m\u00e4 tiili on t\u00e4ydellinen lis\u00e4 sek\u00e4 historiallisiin rakennuksiin ett\u00e4 moderniin arkkitehtuuriin, kun tarvitaan visuaalista syvyytt\u00e4 ja l\u00e4mp\u00f6\u00e4.<\/p>\n","protected":false},"excerpt":{"rendered":"<p>Reik\u00e4tiili<\/p>\n","protected":false},"featured_media":272942,"template":"","meta":{"_acf_changed":false},"product_brand":[90],"product_cat":[582],"product_tag":[],"class_list":{"0":"post-269799","1":"product","2":"type-product","3":"status-publish","4":"has-post-thumbnail","6":"product_brand-lode","7":"product_cat-reiitetyt-julkisivutiilet","9":"first","10":"instock","11":"purchasable","12":"product-type-variable"},"acf":[],"_links":{"self":[{"href":"https:\/\/lode.lv\/fi\/wp-json\/wp\/v2\/product\/269799","targetHints":{"allow":["GET"]}}],"collection":[{"href":"https:\/\/lode.lv\/fi\/wp-json\/wp\/v2\/product"}],"about":[{"href":"https:\/\/lode.lv\/fi\/wp-json\/wp\/v2\/types\/product"}],"wp:featuredmedia":[{"embeddable":true,"href":"https:\/\/lode.lv\/fi\/wp-json\/wp\/v2\/media\/272942"}],"wp:attachment":[{"href":"https:\/\/lode.lv\/fi\/wp-json\/wp\/v2\/media?parent=269799"}],"wp:term":[{"taxonomy":"product_brand","embeddable":true,"href":"https:\/\/lode.lv\/fi\/wp-json\/wp\/v2\/product_brand?post=269799"},{"taxonomy":"product_cat","embeddable":true,"href":"https:\/\/lode.lv\/fi\/wp-json\/wp\/v2\/product_cat?post=269799"},{"taxonomy":"product_tag","embeddable":true,"href":"https:\/\/lode.lv\/fi\/wp-json\/wp\/v2\/product_tag?post=269799"}],"curies":[{"name":"wp","href":"https:\/\/api.w.org\/{rel}","templated":true}]}}