{"id":269798,"date":"2025-03-24T03:45:09","date_gmt":"2025-03-24T03:45:09","guid":{"rendered":"http:\/\/lode2025.local\/product\/luna-2\/"},"modified":"2025-12-08T07:25:20","modified_gmt":"2025-12-08T07:25:20","slug":"luna-2","status":"publish","type":"product","link":"https:\/\/lode.lv\/fi\/shop\/julkisivun-osalta\/reiitetyt-julkisivutiilet\/luna-2\/","title":{"rendered":"LUNA"},"content":{"rendered":"<p>Punavioletin s\u00e4vyinen tiili antaa julkisivulle tasapainoisen ja rauhallisen ilmeen. Sile\u00e4 pinta ja l\u00e4mmin v\u00e4rivalikoima tekev\u00e4t siit\u00e4 ihanteellisen valinnan sek\u00e4 moderneihin ett\u00e4 historiallisiin rakennuksiin, joissa tarvitaan harmonista ja eleganttia viimeistely\u00e4. LUNA tarjoaa pitk\u00e4aikaista kest\u00e4vyytt\u00e4 ja v\u00e4rin s\u00e4ilyvyytt\u00e4 s\u00e4ilytt\u00e4en esteettisen arvonsa ajan saatossa.<\/p>\n","protected":false},"excerpt":{"rendered":"<p>Reik\u00e4tiili<\/p>\n","protected":false},"featured_media":272710,"template":"","meta":{"_acf_changed":false},"product_brand":[90],"product_cat":[582],"product_tag":[],"class_list":{"0":"post-269798","1":"product","2":"type-product","3":"status-publish","4":"has-post-thumbnail","6":"product_brand-lode","7":"product_cat-reiitetyt-julkisivutiilet","9":"first","10":"instock","11":"purchasable","12":"product-type-simple"},"acf":[],"_links":{"self":[{"href":"https:\/\/lode.lv\/fi\/wp-json\/wp\/v2\/product\/269798","targetHints":{"allow":["GET"]}}],"collection":[{"href":"https:\/\/lode.lv\/fi\/wp-json\/wp\/v2\/product"}],"about":[{"href":"https:\/\/lode.lv\/fi\/wp-json\/wp\/v2\/types\/product"}],"wp:featuredmedia":[{"embeddable":true,"href":"https:\/\/lode.lv\/fi\/wp-json\/wp\/v2\/media\/272710"}],"wp:attachment":[{"href":"https:\/\/lode.lv\/fi\/wp-json\/wp\/v2\/media?parent=269798"}],"wp:term":[{"taxonomy":"product_brand","embeddable":true,"href":"https:\/\/lode.lv\/fi\/wp-json\/wp\/v2\/product_brand?post=269798"},{"taxonomy":"product_cat","embeddable":true,"href":"https:\/\/lode.lv\/fi\/wp-json\/wp\/v2\/product_cat?post=269798"},{"taxonomy":"product_tag","embeddable":true,"href":"https:\/\/lode.lv\/fi\/wp-json\/wp\/v2\/product_tag?post=269798"}],"curies":[{"name":"wp","href":"https:\/\/api.w.org\/{rel}","templated":true}]}}