{"id":269793,"date":"2025-03-24T03:45:09","date_gmt":"2025-03-24T03:45:09","guid":{"rendered":"http:\/\/lode2025.local\/product\/sahara-wf\/"},"modified":"2025-12-08T07:25:20","modified_gmt":"2025-12-08T07:25:20","slug":"sahara-wf","status":"publish","type":"product","link":"https:\/\/lode.lv\/fi\/shop\/julkisivun-osalta\/reiitetyt-julkisivutiilet\/sahara-wf\/","title":{"rendered":"SAHARA RETRO"},"content":{"rendered":"<p>SAHARA tekee vaikutuksen l\u00e4mpimill\u00e4 kelta-ruskeilla s\u00e4vyill\u00e4, jotka muistuttavat auringon valaisemaa hiekkaa. Sen loivasti aaltoileva pinta antaa julkisivulle siistin ulkon\u00e4\u00f6n ja luonnollinen v\u00e4rien leikki eloisan luonteen. Ihanteellinen julkisivuihin, joissa halutaan korostaa l\u00e4mp\u00f6\u00e4 ja luonnollisuutta, SAHARA-tiili luo kodikkuutta ja sopii harmonisesti sek\u00e4 kaupunki- ett\u00e4 maaseutumaisemaan.<\/p>\n","protected":false},"excerpt":{"rendered":"<p>Reik\u00e4tiili<\/p>\n","protected":false},"featured_media":272714,"template":"","meta":{"_acf_changed":false},"product_brand":[90],"product_cat":[582],"product_tag":[],"class_list":{"0":"post-269793","1":"product","2":"type-product","3":"status-publish","4":"has-post-thumbnail","6":"product_brand-lode","7":"product_cat-reiitetyt-julkisivutiilet","9":"first","10":"instock","11":"purchasable","12":"product-type-simple"},"acf":[],"_links":{"self":[{"href":"https:\/\/lode.lv\/fi\/wp-json\/wp\/v2\/product\/269793","targetHints":{"allow":["GET"]}}],"collection":[{"href":"https:\/\/lode.lv\/fi\/wp-json\/wp\/v2\/product"}],"about":[{"href":"https:\/\/lode.lv\/fi\/wp-json\/wp\/v2\/types\/product"}],"wp:featuredmedia":[{"embeddable":true,"href":"https:\/\/lode.lv\/fi\/wp-json\/wp\/v2\/media\/272714"}],"wp:attachment":[{"href":"https:\/\/lode.lv\/fi\/wp-json\/wp\/v2\/media?parent=269793"}],"wp:term":[{"taxonomy":"product_brand","embeddable":true,"href":"https:\/\/lode.lv\/fi\/wp-json\/wp\/v2\/product_brand?post=269793"},{"taxonomy":"product_cat","embeddable":true,"href":"https:\/\/lode.lv\/fi\/wp-json\/wp\/v2\/product_cat?post=269793"},{"taxonomy":"product_tag","embeddable":true,"href":"https:\/\/lode.lv\/fi\/wp-json\/wp\/v2\/product_tag?post=269793"}],"curies":[{"name":"wp","href":"https:\/\/api.w.org\/{rel}","templated":true}]}}