{"id":269779,"date":"2025-03-24T03:45:09","date_gmt":"2025-03-24T03:45:09","guid":{"rendered":"http:\/\/lode2025.local\/product\/saturn-wf\/"},"modified":"2025-12-08T07:25:19","modified_gmt":"2025-12-08T07:25:19","slug":"saturn-wf","status":"publish","type":"product","link":"https:\/\/lode.lv\/fi\/shop\/julkisivun-osalta\/reiitetyt-julkisivutiilet\/saturn-wf\/","title":{"rendered":"SATURN Novo"},"content":{"rendered":"<p>SATURN NOVO -koristetiili tekee vaikutuksen ainutlaatuisella tekstuurillaan \u2013 pystysuorat raidat ja karheus, jotka muistuttavat puun kuoren kuviointia. Luonnonharmaa s\u00e4vy ja ep\u00e4tyypillinen pinta lis\u00e4\u00e4v\u00e4t rakennuksen luonnetta ja visuaalista syvyytt\u00e4. N\u00e4in tiili sopii erityisen hyvin arkkitehtuuriin, jossa haetaan harmonista tasapainoa luonnon inspiroiman estetiikan ja modernin muotoilun v\u00e4lill\u00e4. SATURN NOVO on kest\u00e4v\u00e4 ja visuaalisesti voimakas ratkaisu sek\u00e4 kaupunkiymp\u00e4rist\u00f6ihin ett\u00e4 rauhallisempiin maisemaymp\u00e4rist\u00f6ihin.  <\/p>\n","protected":false},"excerpt":{"rendered":"<p>Reik\u00e4tiili<\/p>\n","protected":false},"featured_media":272842,"template":"","meta":{"_acf_changed":false},"product_brand":[90],"product_cat":[582],"product_tag":[],"class_list":{"0":"post-269779","1":"product","2":"type-product","3":"status-publish","4":"has-post-thumbnail","6":"product_brand-lode","7":"product_cat-reiitetyt-julkisivutiilet","9":"first","10":"instock","11":"purchasable","12":"product-type-simple"},"acf":[],"_links":{"self":[{"href":"https:\/\/lode.lv\/fi\/wp-json\/wp\/v2\/product\/269779","targetHints":{"allow":["GET"]}}],"collection":[{"href":"https:\/\/lode.lv\/fi\/wp-json\/wp\/v2\/product"}],"about":[{"href":"https:\/\/lode.lv\/fi\/wp-json\/wp\/v2\/types\/product"}],"wp:featuredmedia":[{"embeddable":true,"href":"https:\/\/lode.lv\/fi\/wp-json\/wp\/v2\/media\/272842"}],"wp:attachment":[{"href":"https:\/\/lode.lv\/fi\/wp-json\/wp\/v2\/media?parent=269779"}],"wp:term":[{"taxonomy":"product_brand","embeddable":true,"href":"https:\/\/lode.lv\/fi\/wp-json\/wp\/v2\/product_brand?post=269779"},{"taxonomy":"product_cat","embeddable":true,"href":"https:\/\/lode.lv\/fi\/wp-json\/wp\/v2\/product_cat?post=269779"},{"taxonomy":"product_tag","embeddable":true,"href":"https:\/\/lode.lv\/fi\/wp-json\/wp\/v2\/product_tag?post=269779"}],"curies":[{"name":"wp","href":"https:\/\/api.w.org\/{rel}","templated":true}]}}