{"id":269772,"date":"2025-03-24T03:45:09","date_gmt":"2025-03-24T03:45:09","guid":{"rendered":"http:\/\/lode2025.local\/product\/skarbais-janka-2\/"},"modified":"2025-12-08T07:25:18","modified_gmt":"2025-12-08T07:25:18","slug":"skarbais-janka-2","status":"publish","type":"product","link":"https:\/\/lode.lv\/fi\/shop\/julkisivun-osalta\/reiitetyt-julkisivutiilet\/skarbais-janka-2\/","title":{"rendered":"SKARBAIS JANKA"},"content":{"rendered":"<p>Tiilelle on ominaista erottuva kohouma, joka antaa julkisivuille n\u00e4ytt\u00e4v\u00e4n ulkon\u00e4\u00f6n. Sen rakenne ja syv\u00e4npunainen v\u00e4ri luovat ainutlaatuisen visuaalisen vaikutelman, joka sulautuu harmonisesti sek\u00e4 klassisen historiallisiin ett\u00e4 nykyaikaisiin teollisiin kaupunkiymp\u00e4rist\u00f6ihin. SKARBAIS JANKA soveltuu erityisesti rakennuksiin, joissa on tarpeen korostaa arkkitehtonisia yksityiskohtia ja luoda kest\u00e4v\u00e4, esteettinen julkisivu.  <\/p>\n","protected":false},"excerpt":{"rendered":"<p>Reik\u00e4tiili<\/p>\n","protected":false},"featured_media":272726,"template":"","meta":{"_acf_changed":false},"product_brand":[90],"product_cat":[582],"product_tag":[],"class_list":{"0":"post-269772","1":"product","2":"type-product","3":"status-publish","4":"has-post-thumbnail","6":"product_brand-lode","7":"product_cat-reiitetyt-julkisivutiilet","9":"first","10":"instock","11":"purchasable","12":"product-type-simple"},"acf":[],"_links":{"self":[{"href":"https:\/\/lode.lv\/fi\/wp-json\/wp\/v2\/product\/269772","targetHints":{"allow":["GET"]}}],"collection":[{"href":"https:\/\/lode.lv\/fi\/wp-json\/wp\/v2\/product"}],"about":[{"href":"https:\/\/lode.lv\/fi\/wp-json\/wp\/v2\/types\/product"}],"wp:featuredmedia":[{"embeddable":true,"href":"https:\/\/lode.lv\/fi\/wp-json\/wp\/v2\/media\/272726"}],"wp:attachment":[{"href":"https:\/\/lode.lv\/fi\/wp-json\/wp\/v2\/media?parent=269772"}],"wp:term":[{"taxonomy":"product_brand","embeddable":true,"href":"https:\/\/lode.lv\/fi\/wp-json\/wp\/v2\/product_brand?post=269772"},{"taxonomy":"product_cat","embeddable":true,"href":"https:\/\/lode.lv\/fi\/wp-json\/wp\/v2\/product_cat?post=269772"},{"taxonomy":"product_tag","embeddable":true,"href":"https:\/\/lode.lv\/fi\/wp-json\/wp\/v2\/product_tag?post=269772"}],"curies":[{"name":"wp","href":"https:\/\/api.w.org\/{rel}","templated":true}]}}