{"id":269757,"date":"2025-03-24T03:45:15","date_gmt":"2025-03-24T03:45:15","guid":{"rendered":"http:\/\/lode2025.local\/product\/syria\/"},"modified":"2025-12-08T07:25:41","modified_gmt":"2025-12-08T07:25:41","slug":"syria","status":"publish","type":"product","link":"https:\/\/lode.lv\/fi\/shop\/julkisivun-osalta\/reiitetyt-julkisivutiilet\/syria\/","title":{"rendered":"SYRIUSZ"},"content":{"rendered":"<p>L\u00e4mpim\u00e4n harmaan pilvis\u00e4vyns\u00e4 ansiosta t\u00e4m\u00e4 tiili luo julkisivuun aksentin, joka on yht\u00e4 aikaa rauhoittava ja vakuuttava. SYRIUSZ-tiilen sile\u00e4 pinta heijastaa valoa ja luo vivahteikkaan varjojen leikin, joka tuo julkisivuun dynaamisuutta ja syvyytt\u00e4. Sopii erityisen hyvin moderniin arkkitehtuuriin ja sulautuu tyylikk\u00e4\u00e4sti teolliseen muotoiluun luoden nykyaikaisen ja kest\u00e4v\u00e4n julkisivupinnan, joka kest\u00e4\u00e4 s\u00e4\u00e4n ja ymp\u00e4rist\u00f6n vaikutuksia.  <\/p>\n","protected":false},"excerpt":{"rendered":"<p>Reik\u00e4tiili<\/p>\n","protected":false},"featured_media":272914,"template":"","meta":{"_acf_changed":false},"product_brand":[90],"product_cat":[582],"product_tag":[],"class_list":{"0":"post-269757","1":"product","2":"type-product","3":"status-publish","4":"has-post-thumbnail","6":"product_brand-lode","7":"product_cat-reiitetyt-julkisivutiilet","9":"first","10":"instock","11":"purchasable","12":"product-type-variable"},"acf":[],"_links":{"self":[{"href":"https:\/\/lode.lv\/fi\/wp-json\/wp\/v2\/product\/269757","targetHints":{"allow":["GET"]}}],"collection":[{"href":"https:\/\/lode.lv\/fi\/wp-json\/wp\/v2\/product"}],"about":[{"href":"https:\/\/lode.lv\/fi\/wp-json\/wp\/v2\/types\/product"}],"wp:featuredmedia":[{"embeddable":true,"href":"https:\/\/lode.lv\/fi\/wp-json\/wp\/v2\/media\/272914"}],"wp:attachment":[{"href":"https:\/\/lode.lv\/fi\/wp-json\/wp\/v2\/media?parent=269757"}],"wp:term":[{"taxonomy":"product_brand","embeddable":true,"href":"https:\/\/lode.lv\/fi\/wp-json\/wp\/v2\/product_brand?post=269757"},{"taxonomy":"product_cat","embeddable":true,"href":"https:\/\/lode.lv\/fi\/wp-json\/wp\/v2\/product_cat?post=269757"},{"taxonomy":"product_tag","embeddable":true,"href":"https:\/\/lode.lv\/fi\/wp-json\/wp\/v2\/product_tag?post=269757"}],"curies":[{"name":"wp","href":"https:\/\/api.w.org\/{rel}","templated":true}]}}