{"id":269738,"date":"2026-01-01T03:46:41","date_gmt":"2026-01-01T03:46:41","guid":{"rendered":"http:\/\/lode2025.local\/product\/antica\/"},"modified":"2025-12-08T07:25:15","modified_gmt":"2025-12-08T07:25:15","slug":"antica","status":"publish","type":"product","link":"https:\/\/lode.lv\/fi\/shop\/julkisivun-osalta\/reiitetyt-julkisivutiilet\/antica\/","title":{"rendered":"ANTICA"},"content":{"rendered":"<p>Tiilin l\u00e4mmin punaruskea s\u00e4vy ja huolellisesti muotoiltu tekstuuri luovat ensiluokkaisen ja ajan patinoiman vaikutelman. Luonnollinen v\u00e4rivaihtelu ja hieman kulunut ilme tuovat rakennukseen romanttista ja nostalgista tunnelmaa. Ihanteellinen vaihtoehto historiallisten rakennusten kunnostamiseen tai projekteihin, joissa halutaan yhdist\u00e4\u00e4 historian vieh\u00e4tys modernin arkkitehtuurin tunnusmerkkeihin.<\/p>\n","protected":false},"excerpt":{"rendered":"<p>Reik\u00e4tiili<\/p>\n","protected":false},"featured_media":273903,"template":"","meta":{"_acf_changed":false},"product_brand":[103],"product_cat":[582],"product_tag":[],"class_list":{"0":"post-269738","1":"product","2":"type-product","3":"status-publish","4":"has-post-thumbnail","6":"product_brand-patoka","7":"product_cat-reiitetyt-julkisivutiilet","9":"first","10":"instock","11":"purchasable","12":"product-type-simple"},"acf":[],"_links":{"self":[{"href":"https:\/\/lode.lv\/fi\/wp-json\/wp\/v2\/product\/269738","targetHints":{"allow":["GET"]}}],"collection":[{"href":"https:\/\/lode.lv\/fi\/wp-json\/wp\/v2\/product"}],"about":[{"href":"https:\/\/lode.lv\/fi\/wp-json\/wp\/v2\/types\/product"}],"wp:featuredmedia":[{"embeddable":true,"href":"https:\/\/lode.lv\/fi\/wp-json\/wp\/v2\/media\/273903"}],"wp:attachment":[{"href":"https:\/\/lode.lv\/fi\/wp-json\/wp\/v2\/media?parent=269738"}],"wp:term":[{"taxonomy":"product_brand","embeddable":true,"href":"https:\/\/lode.lv\/fi\/wp-json\/wp\/v2\/product_brand?post=269738"},{"taxonomy":"product_cat","embeddable":true,"href":"https:\/\/lode.lv\/fi\/wp-json\/wp\/v2\/product_cat?post=269738"},{"taxonomy":"product_tag","embeddable":true,"href":"https:\/\/lode.lv\/fi\/wp-json\/wp\/v2\/product_tag?post=269738"}],"curies":[{"name":"wp","href":"https:\/\/api.w.org\/{rel}","templated":true}]}}