{"id":269733,"date":"2026-01-01T03:46:41","date_gmt":"2026-01-01T03:46:41","guid":{"rendered":"http:\/\/lode2025.local\/product\/gotika\/"},"modified":"2025-12-08T07:25:15","modified_gmt":"2025-12-08T07:25:15","slug":"gotika","status":"publish","type":"product","link":"https:\/\/lode.lv\/fi\/shop\/julkisivun-osalta\/reiitetyt-julkisivutiilet\/gotika\/","title":{"rendered":"GOTIKA"},"content":{"rendered":"<p>GOTIKA on syv\u00e4npunainen tiili, jonka voimakas reliefi antaa julkisivulle dramaattisen mutta hienostuneen luonteen. Kest\u00e4v\u00e4n pintansa ansiosta tiili sopii arkkitehtuurihankkeisiin, joissa halutaan korostaa julkisivun yksil\u00f6llisyytt\u00e4 ja syvyytt\u00e4. GOTIKA auttaa luomaan vahvan ja aidon visuaalisen vaikutelman.  <\/p>\n","protected":false},"excerpt":{"rendered":"<p>Reik\u00e4tiili<\/p>\n","protected":false},"featured_media":273898,"template":"","meta":{"_acf_changed":false},"product_brand":[103],"product_cat":[582],"product_tag":[],"class_list":{"0":"post-269733","1":"product","2":"type-product","3":"status-publish","4":"has-post-thumbnail","6":"product_brand-patoka","7":"product_cat-reiitetyt-julkisivutiilet","9":"first","10":"instock","11":"purchasable","12":"product-type-simple"},"acf":[],"_links":{"self":[{"href":"https:\/\/lode.lv\/fi\/wp-json\/wp\/v2\/product\/269733","targetHints":{"allow":["GET"]}}],"collection":[{"href":"https:\/\/lode.lv\/fi\/wp-json\/wp\/v2\/product"}],"about":[{"href":"https:\/\/lode.lv\/fi\/wp-json\/wp\/v2\/types\/product"}],"wp:featuredmedia":[{"embeddable":true,"href":"https:\/\/lode.lv\/fi\/wp-json\/wp\/v2\/media\/273898"}],"wp:attachment":[{"href":"https:\/\/lode.lv\/fi\/wp-json\/wp\/v2\/media?parent=269733"}],"wp:term":[{"taxonomy":"product_brand","embeddable":true,"href":"https:\/\/lode.lv\/fi\/wp-json\/wp\/v2\/product_brand?post=269733"},{"taxonomy":"product_cat","embeddable":true,"href":"https:\/\/lode.lv\/fi\/wp-json\/wp\/v2\/product_cat?post=269733"},{"taxonomy":"product_tag","embeddable":true,"href":"https:\/\/lode.lv\/fi\/wp-json\/wp\/v2\/product_tag?post=269733"}],"curies":[{"name":"wp","href":"https:\/\/api.w.org\/{rel}","templated":true}]}}