{"id":269731,"date":"2025-03-24T03:46:41","date_gmt":"2025-03-24T03:46:41","guid":{"rendered":"http:\/\/lode2025.local\/product\/classic-4\/"},"modified":"2025-12-08T07:25:14","modified_gmt":"2025-12-08T07:25:14","slug":"classic-4","status":"publish","type":"product","link":"https:\/\/lode.lv\/fi\/shop\/julkisivun-osalta\/reiitetyt-julkisivutiilet\/classic-4\/","title":{"rendered":"CLASSIC"},"content":{"rendered":"<p>CLASSICille on ominaista runsas punaruskea s\u00e4vy, lohkaistut reunat ja tekstuurin hienovaraiset vivahteet, jotka antavat rakennukselle autenttisen luonteen. Tiili soveltuu hyvin historiallisten rakennusten kunnostamiseen, tunnelmaltaan klassisten uusien rakennusten julkisivuihin sek\u00e4 sis\u00e4tiloihin. Sen vankka rakenne ja kest\u00e4vyys ymp\u00e4rist\u00f6vaikutuksia vastaan takaavat pitk\u00e4ik\u00e4isyyden ja korkean laadun sukupolvesta toiseen.  <\/p>\n","protected":false},"excerpt":{"rendered":"<p>Reik\u00e4tiili<\/p>\n","protected":false},"featured_media":273893,"template":"","meta":{"_acf_changed":false},"product_brand":[103],"product_cat":[582],"product_tag":[],"class_list":{"0":"post-269731","1":"product","2":"type-product","3":"status-publish","4":"has-post-thumbnail","6":"product_brand-patoka","7":"product_cat-reiitetyt-julkisivutiilet","9":"first","10":"instock","11":"purchasable","12":"product-type-simple"},"acf":[],"_links":{"self":[{"href":"https:\/\/lode.lv\/fi\/wp-json\/wp\/v2\/product\/269731","targetHints":{"allow":["GET"]}}],"collection":[{"href":"https:\/\/lode.lv\/fi\/wp-json\/wp\/v2\/product"}],"about":[{"href":"https:\/\/lode.lv\/fi\/wp-json\/wp\/v2\/types\/product"}],"wp:featuredmedia":[{"embeddable":true,"href":"https:\/\/lode.lv\/fi\/wp-json\/wp\/v2\/media\/273893"}],"wp:attachment":[{"href":"https:\/\/lode.lv\/fi\/wp-json\/wp\/v2\/media?parent=269731"}],"wp:term":[{"taxonomy":"product_brand","embeddable":true,"href":"https:\/\/lode.lv\/fi\/wp-json\/wp\/v2\/product_brand?post=269731"},{"taxonomy":"product_cat","embeddable":true,"href":"https:\/\/lode.lv\/fi\/wp-json\/wp\/v2\/product_cat?post=269731"},{"taxonomy":"product_tag","embeddable":true,"href":"https:\/\/lode.lv\/fi\/wp-json\/wp\/v2\/product_tag?post=269731"}],"curies":[{"name":"wp","href":"https:\/\/api.w.org\/{rel}","templated":true}]}}