{"id":269726,"date":"2025-03-24T03:46:41","date_gmt":"2025-03-24T03:46:41","guid":{"rendered":"http:\/\/lode2025.local\/product\/rustics\/"},"modified":"2025-12-08T07:25:14","modified_gmt":"2025-12-08T07:25:14","slug":"rustics","status":"publish","type":"product","link":"https:\/\/lode.lv\/fi\/shop\/julkisivun-osalta\/reiitetyt-julkisivutiilet\/rustics\/","title":{"rendered":"RUSTIKA"},"content":{"rendered":"<p>RUSTIKA tarjoaa dramaattisia punaisen ja tummanruskean s\u00e4vyj\u00e4. Sen vankka, naarmutettu pinta antaa sein\u00e4lle omaleimaisen rakenteen ja luo patinoituneen vaikutelman, joka tuo mieleen ikivanhat rakennukset ja aikaa kest\u00e4v\u00e4t arvot. Sopii erityisesti rakennuksiin, jotka vaativat kest\u00e4v\u00e4\u00e4 mutta visuaalisesti rikasta julkisivua.<\/p>\n","protected":false},"excerpt":{"rendered":"<p>Reik\u00e4tiili<\/p>\n","protected":false},"featured_media":273918,"template":"","meta":{"_acf_changed":false},"product_brand":[103],"product_cat":[582],"product_tag":[],"class_list":{"0":"post-269726","1":"product","2":"type-product","3":"status-publish","4":"has-post-thumbnail","6":"product_brand-patoka","7":"product_cat-reiitetyt-julkisivutiilet","9":"first","10":"instock","11":"purchasable","12":"product-type-simple"},"acf":[],"_links":{"self":[{"href":"https:\/\/lode.lv\/fi\/wp-json\/wp\/v2\/product\/269726","targetHints":{"allow":["GET"]}}],"collection":[{"href":"https:\/\/lode.lv\/fi\/wp-json\/wp\/v2\/product"}],"about":[{"href":"https:\/\/lode.lv\/fi\/wp-json\/wp\/v2\/types\/product"}],"wp:featuredmedia":[{"embeddable":true,"href":"https:\/\/lode.lv\/fi\/wp-json\/wp\/v2\/media\/273918"}],"wp:attachment":[{"href":"https:\/\/lode.lv\/fi\/wp-json\/wp\/v2\/media?parent=269726"}],"wp:term":[{"taxonomy":"product_brand","embeddable":true,"href":"https:\/\/lode.lv\/fi\/wp-json\/wp\/v2\/product_brand?post=269726"},{"taxonomy":"product_cat","embeddable":true,"href":"https:\/\/lode.lv\/fi\/wp-json\/wp\/v2\/product_cat?post=269726"},{"taxonomy":"product_tag","embeddable":true,"href":"https:\/\/lode.lv\/fi\/wp-json\/wp\/v2\/product_tag?post=269726"}],"curies":[{"name":"wp","href":"https:\/\/api.w.org\/{rel}","templated":true}]}}