{"id":269699,"date":"2025-03-16T21:59:48","date_gmt":"2025-03-16T21:59:48","guid":{"rendered":"http:\/\/lode2025.local\/product\/saturn\/"},"modified":"2025-12-05T17:42:05","modified_gmt":"2025-12-05T17:42:05","slug":"saturn","status":"publish","type":"product","link":"https:\/\/lode.lv\/fi\/shop\/julkisivun-osalta\/taydet-tiilet\/saturn\/","title":{"rendered":"SATURN"},"content":{"rendered":"<p>SATURN-tiili antaa neutraalin tummanharmaan s\u00e4vyns\u00e4 ja sile\u00e4n pintansa ansiosta julkisivulle rauhallisen, harmonisen ja siistin ilmeen. Sen sile\u00e4 v\u00e4ri sopii t\u00e4ydellisesti yhteen lasi-, metalli- ja puuelementtien kanssa, joten se on sopiva valinta moderneihin ja teollisiin rakennuksiin. T\u00e4m\u00e4 tiili on eritt\u00e4in kest\u00e4v\u00e4 ja s\u00e4ilytt\u00e4\u00e4 esteettisen vieh\u00e4tyksens\u00e4 ajan saatossa. Se soveltuu takkojen verhoukseen, saunoihin ja kattoelementteihin.<\/p>\n","protected":false},"excerpt":{"rendered":"<p>T\u00e4ystiili<\/p>\n","protected":false},"featured_media":272842,"template":"","meta":{"_acf_changed":false},"product_brand":[90],"product_cat":[461,463],"product_tag":[],"class_list":{"0":"post-269699","1":"product","2":"type-product","3":"status-publish","4":"has-post-thumbnail","6":"product_brand-lode","7":"product_cat-savupiippuja-uuneja-varten","8":"product_cat-taydet-tiilet","10":"first","11":"instock","12":"purchasable","13":"product-type-simple"},"acf":[],"_links":{"self":[{"href":"https:\/\/lode.lv\/fi\/wp-json\/wp\/v2\/product\/269699","targetHints":{"allow":["GET"]}}],"collection":[{"href":"https:\/\/lode.lv\/fi\/wp-json\/wp\/v2\/product"}],"about":[{"href":"https:\/\/lode.lv\/fi\/wp-json\/wp\/v2\/types\/product"}],"wp:featuredmedia":[{"embeddable":true,"href":"https:\/\/lode.lv\/fi\/wp-json\/wp\/v2\/media\/272842"}],"wp:attachment":[{"href":"https:\/\/lode.lv\/fi\/wp-json\/wp\/v2\/media?parent=269699"}],"wp:term":[{"taxonomy":"product_brand","embeddable":true,"href":"https:\/\/lode.lv\/fi\/wp-json\/wp\/v2\/product_brand?post=269699"},{"taxonomy":"product_cat","embeddable":true,"href":"https:\/\/lode.lv\/fi\/wp-json\/wp\/v2\/product_cat?post=269699"},{"taxonomy":"product_tag","embeddable":true,"href":"https:\/\/lode.lv\/fi\/wp-json\/wp\/v2\/product_tag?post=269699"}],"curies":[{"name":"wp","href":"https:\/\/api.w.org\/{rel}","templated":true}]}}