{"id":269698,"date":"2025-03-16T21:59:48","date_gmt":"2025-03-16T21:59:48","guid":{"rendered":"http:\/\/lode2025.local\/product\/sahara\/"},"modified":"2025-12-05T17:37:59","modified_gmt":"2025-12-05T17:37:59","slug":"sahara","status":"publish","type":"product","link":"https:\/\/lode.lv\/fi\/shop\/julkisivun-osalta\/taydet-tiilet\/sahara\/","title":{"rendered":"SAHARA"},"content":{"rendered":"<p>Tiiless\u00e4 yhdistyv\u00e4t l\u00e4mmin kelta-ruskea s\u00e4vy ja sile\u00e4 pinta, mik\u00e4 antaa julkisivulle aurinkoisen ja valoisan tunnelman. Tuotteen luonnollinen v\u00e4rimaailma luo harmonisen ja esteettisesti miellytt\u00e4v\u00e4n ilmeen, joka sopii t\u00e4ydellisesti sek\u00e4 maaseutu- ett\u00e4 kaupunkiymp\u00e4rist\u00f6\u00f6n. Kest\u00e4vyytens\u00e4 ja v\u00e4rins\u00e4 s\u00e4ilyvyyden ansiosta SAHARA on sopiva julkisivuihin ja sis\u00e4tilojen korostuksiin sek\u00e4 takkojen ja hormien verhoiluun, saunoihin ja kattoelementteihin.<\/p>\n","protected":false},"excerpt":{"rendered":"<p>T\u00e4ystiili<\/p>\n","protected":false},"featured_media":272714,"template":"","meta":{"_acf_changed":false},"product_brand":[90],"product_cat":[461,463],"product_tag":[],"class_list":{"0":"post-269698","1":"product","2":"type-product","3":"status-publish","4":"has-post-thumbnail","6":"product_brand-lode","7":"product_cat-savupiippuja-uuneja-varten","8":"product_cat-taydet-tiilet","10":"first","11":"instock","12":"purchasable","13":"product-type-simple"},"acf":[],"_links":{"self":[{"href":"https:\/\/lode.lv\/fi\/wp-json\/wp\/v2\/product\/269698","targetHints":{"allow":["GET"]}}],"collection":[{"href":"https:\/\/lode.lv\/fi\/wp-json\/wp\/v2\/product"}],"about":[{"href":"https:\/\/lode.lv\/fi\/wp-json\/wp\/v2\/types\/product"}],"wp:featuredmedia":[{"embeddable":true,"href":"https:\/\/lode.lv\/fi\/wp-json\/wp\/v2\/media\/272714"}],"wp:attachment":[{"href":"https:\/\/lode.lv\/fi\/wp-json\/wp\/v2\/media?parent=269698"}],"wp:term":[{"taxonomy":"product_brand","embeddable":true,"href":"https:\/\/lode.lv\/fi\/wp-json\/wp\/v2\/product_brand?post=269698"},{"taxonomy":"product_cat","embeddable":true,"href":"https:\/\/lode.lv\/fi\/wp-json\/wp\/v2\/product_cat?post=269698"},{"taxonomy":"product_tag","embeddable":true,"href":"https:\/\/lode.lv\/fi\/wp-json\/wp\/v2\/product_tag?post=269698"}],"curies":[{"name":"wp","href":"https:\/\/api.w.org\/{rel}","templated":true}]}}