{"id":269692,"date":"2025-03-16T21:59:48","date_gmt":"2025-03-16T21:59:48","guid":{"rendered":"http:\/\/lode2025.local\/product\/sencis-kasintehty\/"},"modified":"2025-12-05T17:37:46","modified_gmt":"2025-12-05T17:37:46","slug":"sencis-kasintehty","status":"publish","type":"product","link":"https:\/\/lode.lv\/fi\/shop\/julkisivun-osalta\/taydet-tiilet\/sencis-kasintehty\/","title":{"rendered":"SENCIS"},"content":{"rendered":"<p>Perinteisen\u00e4 k\u00e4sity\u00f6n\u00e4 valmistettu punainen umpinainen koristetiili, jossa on luonnollinen, ep\u00e4tasainen tekstuuripinta. Autenttisen ulkon\u00e4k\u00f6ns\u00e4 ja kest\u00e4vyytens\u00e4 takia t\u00e4t\u00e4 tiilt\u00e4 k\u00e4ytet\u00e4\u00e4n yleisimmin historiallisten rakennusten, kuten linnojen, luostareiden, siltojen ja muiden kulttuuriperint\u00f6kohteiden restaurointiin. SENCIS ei ainoastaan anna julkisivuille esteettist\u00e4 ja siisti\u00e4 ulkon\u00e4k\u00f6\u00e4, vaan takaa my\u00f6s pitk\u00e4ik\u00e4isyyden ilman lis\u00e4k\u00e4sittelyn tai kunnostuksen tarvetta.<\/p>\n","protected":false},"excerpt":{"rendered":"<p>T\u00e4ystiili<\/p>\n","protected":false},"featured_media":271062,"template":"","meta":{"_acf_changed":false},"product_brand":[90],"product_cat":[463],"product_tag":[],"class_list":{"0":"post-269692","1":"product","2":"type-product","3":"status-publish","4":"has-post-thumbnail","6":"product_brand-lode","7":"product_cat-taydet-tiilet","9":"first","10":"instock","11":"purchasable","12":"product-type-variable","13":"has-default-attributes"},"acf":[],"_links":{"self":[{"href":"https:\/\/lode.lv\/fi\/wp-json\/wp\/v2\/product\/269692","targetHints":{"allow":["GET"]}}],"collection":[{"href":"https:\/\/lode.lv\/fi\/wp-json\/wp\/v2\/product"}],"about":[{"href":"https:\/\/lode.lv\/fi\/wp-json\/wp\/v2\/types\/product"}],"wp:featuredmedia":[{"embeddable":true,"href":"https:\/\/lode.lv\/fi\/wp-json\/wp\/v2\/media\/271062"}],"wp:attachment":[{"href":"https:\/\/lode.lv\/fi\/wp-json\/wp\/v2\/media?parent=269692"}],"wp:term":[{"taxonomy":"product_brand","embeddable":true,"href":"https:\/\/lode.lv\/fi\/wp-json\/wp\/v2\/product_brand?post=269692"},{"taxonomy":"product_cat","embeddable":true,"href":"https:\/\/lode.lv\/fi\/wp-json\/wp\/v2\/product_cat?post=269692"},{"taxonomy":"product_tag","embeddable":true,"href":"https:\/\/lode.lv\/fi\/wp-json\/wp\/v2\/product_tag?post=269692"}],"curies":[{"name":"wp","href":"https:\/\/api.w.org\/{rel}","templated":true}]}}