{"id":269685,"date":"2025-03-16T21:59:48","date_gmt":"2025-03-16T21:59:48","guid":{"rendered":"http:\/\/lode2025.local\/product\/skarbais-janka\/"},"modified":"2025-12-05T17:43:22","modified_gmt":"2025-12-05T17:43:22","slug":"skarbais-janka","status":"publish","type":"product","link":"https:\/\/lode.lv\/fi\/shop\/julkisivun-osalta\/taydet-tiilet\/skarbais-janka\/","title":{"rendered":"SKARBAIS JANKA"},"content":{"rendered":"<p>Tiilelle on ominaista erottuva kohouma, joka antaa julkisivuille ilmaisuvoimaisen ulkon\u00e4\u00f6n. Tuotteen tekstuuri ja t\u00e4ytel\u00e4isen punainen v\u00e4ri luovat ainutlaatuisen visuaalisen vaikutelman, joka sulautuu harmonisesti sek\u00e4 klassisen historiallisiin ett\u00e4 nykyaikaisiin teollisiin kaupunkiymp\u00e4rist\u00f6ihin. SKARBAIS JANKA soveltuu erityisesti rakennuksiin, joissa on tarpeen korostaa arkkitehtonisia yksityiskohtia ja luoda kest\u00e4v\u00e4, esteettisesti vieh\u00e4tt\u00e4v\u00e4 julkisivu. Luonnonsavesta valmistettu koristetiili soveltuu my\u00f6s takkojen ja hormien verhoiluun sek\u00e4 saunoihin ja kattoelementteihin.<\/p>\n","protected":false},"excerpt":{"rendered":"<p>T\u00e4ystiili<\/p>\n","protected":false},"featured_media":272858,"template":"","meta":{"_acf_changed":false},"product_brand":[90],"product_cat":[461,463],"product_tag":[],"class_list":{"0":"post-269685","1":"product","2":"type-product","3":"status-publish","4":"has-post-thumbnail","6":"product_brand-lode","7":"product_cat-savupiippuja-uuneja-varten","8":"product_cat-taydet-tiilet","10":"first","11":"instock","12":"purchasable","13":"product-type-simple"},"acf":[],"_links":{"self":[{"href":"https:\/\/lode.lv\/fi\/wp-json\/wp\/v2\/product\/269685","targetHints":{"allow":["GET"]}}],"collection":[{"href":"https:\/\/lode.lv\/fi\/wp-json\/wp\/v2\/product"}],"about":[{"href":"https:\/\/lode.lv\/fi\/wp-json\/wp\/v2\/types\/product"}],"wp:featuredmedia":[{"embeddable":true,"href":"https:\/\/lode.lv\/fi\/wp-json\/wp\/v2\/media\/272858"}],"wp:attachment":[{"href":"https:\/\/lode.lv\/fi\/wp-json\/wp\/v2\/media?parent=269685"}],"wp:term":[{"taxonomy":"product_brand","embeddable":true,"href":"https:\/\/lode.lv\/fi\/wp-json\/wp\/v2\/product_brand?post=269685"},{"taxonomy":"product_cat","embeddable":true,"href":"https:\/\/lode.lv\/fi\/wp-json\/wp\/v2\/product_cat?post=269685"},{"taxonomy":"product_tag","embeddable":true,"href":"https:\/\/lode.lv\/fi\/wp-json\/wp\/v2\/product_tag?post=269685"}],"curies":[{"name":"wp","href":"https:\/\/api.w.org\/{rel}","templated":true}]}}