{"id":269677,"date":"2025-03-16T21:59:48","date_gmt":"2025-03-16T21:59:48","guid":{"rendered":"http:\/\/lode2025.local\/product\/sotis\/"},"modified":"2025-12-05T17:42:36","modified_gmt":"2025-12-05T17:42:36","slug":"sotis","status":"publish","type":"product","link":"https:\/\/lode.lv\/fi\/shop\/julkisivun-osalta\/taydet-tiilet\/sotis\/","title":{"rendered":"SOTIS"},"content":{"rendered":"<p>SOTIS-tiilen hienovarainen harmaansininen s\u00e4vy antaa julkisivulle erottuvan ja hienostuneen ilmeen. Tiilen sile\u00e4 pinta tarjoaa tyylikk\u00e4\u00e4n ja nykyaikaisen viimeistelyn luoden minimalistisen ja arkkitehtonisesti puhtaan vaikutelman. Ihanteellinen julkisivuihin ja sis\u00e4tiloihin, joissa tarvitaan ep\u00e4tavallinen mutta visuaalisesti tasapainoinen korostus. SOTIS soveltuu my\u00f6s takkojen ja hormien verhoiluun sek\u00e4 saunoihin ja kattoelementteihin.<\/p>\n","protected":false},"excerpt":{"rendered":"<p>T\u00e4ystiili<\/p>\n","protected":false},"featured_media":272730,"template":"","meta":{"_acf_changed":false},"product_brand":[90],"product_cat":[461,463],"product_tag":[],"class_list":{"0":"post-269677","1":"product","2":"type-product","3":"status-publish","4":"has-post-thumbnail","6":"product_brand-lode","7":"product_cat-savupiippuja-uuneja-varten","8":"product_cat-taydet-tiilet","10":"first","11":"instock","12":"purchasable","13":"product-type-simple"},"acf":[],"_links":{"self":[{"href":"https:\/\/lode.lv\/fi\/wp-json\/wp\/v2\/product\/269677","targetHints":{"allow":["GET"]}}],"collection":[{"href":"https:\/\/lode.lv\/fi\/wp-json\/wp\/v2\/product"}],"about":[{"href":"https:\/\/lode.lv\/fi\/wp-json\/wp\/v2\/types\/product"}],"wp:featuredmedia":[{"embeddable":true,"href":"https:\/\/lode.lv\/fi\/wp-json\/wp\/v2\/media\/272730"}],"wp:attachment":[{"href":"https:\/\/lode.lv\/fi\/wp-json\/wp\/v2\/media?parent=269677"}],"wp:term":[{"taxonomy":"product_brand","embeddable":true,"href":"https:\/\/lode.lv\/fi\/wp-json\/wp\/v2\/product_brand?post=269677"},{"taxonomy":"product_cat","embeddable":true,"href":"https:\/\/lode.lv\/fi\/wp-json\/wp\/v2\/product_cat?post=269677"},{"taxonomy":"product_tag","embeddable":true,"href":"https:\/\/lode.lv\/fi\/wp-json\/wp\/v2\/product_tag?post=269677"}],"curies":[{"name":"wp","href":"https:\/\/api.w.org\/{rel}","templated":true}]}}