{"id":269673,"date":"2025-03-16T22:04:06","date_gmt":"2025-03-16T22:04:06","guid":{"rendered":"http:\/\/lode2025.local\/product\/vecais-janka\/"},"modified":"2025-12-05T17:36:46","modified_gmt":"2025-12-05T17:36:46","slug":"vecais-janka","status":"publish","type":"product","link":"https:\/\/lode.lv\/fi\/shop\/julkisivun-osalta\/taydet-tiilet\/vecais-janka\/","title":{"rendered":"VECAIS JANKA"},"content":{"rendered":"<p>Retrohenkisesti viimeistelty tiili erottuvalla savenpunaisella s\u00e4vyll\u00e4. Tiilen pinnassa on ep\u00e4s\u00e4\u00e4nn\u00f6llisyyksi\u00e4 ja pieni\u00e4 tekstuurivivahteita, jotka antavat julkisivulle vivahteikkaan ja autenttisen luonteen. VECAIS JANKA tarjoaa rakennuksille omaleimaisen visuaalisen ilmeen s\u00e4ilytt\u00e4en samalla luonnonsaven perinteiset arvot ja kest\u00e4vyyden. T\u00e4m\u00e4 umpinainen koristetiili soveltuu my\u00f6s takkojen ja hormien verhoiluun sek\u00e4 saunoihin ja kattoelementteihin.<\/p>\n","protected":false},"excerpt":{"rendered":"<p>T\u00e4ystiili<\/p>\n","protected":false},"featured_media":271326,"template":"","meta":{"_acf_changed":false},"product_brand":[90],"product_cat":[461,463],"product_tag":[],"class_list":{"0":"post-269673","1":"product","2":"type-product","3":"status-publish","4":"has-post-thumbnail","6":"product_brand-lode","7":"product_cat-savupiippuja-uuneja-varten","8":"product_cat-taydet-tiilet","10":"first","11":"instock","12":"purchasable","13":"product-type-simple"},"acf":[],"_links":{"self":[{"href":"https:\/\/lode.lv\/fi\/wp-json\/wp\/v2\/product\/269673","targetHints":{"allow":["GET"]}}],"collection":[{"href":"https:\/\/lode.lv\/fi\/wp-json\/wp\/v2\/product"}],"about":[{"href":"https:\/\/lode.lv\/fi\/wp-json\/wp\/v2\/types\/product"}],"wp:featuredmedia":[{"embeddable":true,"href":"https:\/\/lode.lv\/fi\/wp-json\/wp\/v2\/media\/271326"}],"wp:attachment":[{"href":"https:\/\/lode.lv\/fi\/wp-json\/wp\/v2\/media?parent=269673"}],"wp:term":[{"taxonomy":"product_brand","embeddable":true,"href":"https:\/\/lode.lv\/fi\/wp-json\/wp\/v2\/product_brand?post=269673"},{"taxonomy":"product_cat","embeddable":true,"href":"https:\/\/lode.lv\/fi\/wp-json\/wp\/v2\/product_cat?post=269673"},{"taxonomy":"product_tag","embeddable":true,"href":"https:\/\/lode.lv\/fi\/wp-json\/wp\/v2\/product_tag?post=269673"}],"curies":[{"name":"wp","href":"https:\/\/api.w.org\/{rel}","templated":true}]}}