{"id":269672,"date":"2025-03-16T22:04:06","date_gmt":"2025-03-16T22:04:06","guid":{"rendered":"http:\/\/lode2025.local\/product\/vecais-brunis\/"},"modified":"2025-12-05T17:36:25","modified_gmt":"2025-12-05T17:36:25","slug":"vecais-brunis","status":"publish","type":"product","link":"https:\/\/lode.lv\/fi\/shop\/julkisivun-osalta\/taydet-tiilet\/vecais-brunis\/","title":{"rendered":"VECAIS BRUNIS"},"content":{"rendered":"<p>Retrohenkisesti viimeistelty tumman suklaan s\u00e4vyinen koristetiili, jonka aaltoileva tekstuuri antaa julkisivuille autenttisen luonteen. Tiilen harmoniset v\u00e4rivivahteet ja kohokuvio antavat julkisivulle omaleimaisen ja vivahteikkaan ilmeen, joka sopii t\u00e4ydellisesti sek\u00e4 historiallisiin ett\u00e4 nykyaikaisiin arkkitehtonisiin ratkaisuihin. Luonnonsavesta valmistettu umpinainen koristetiili soveltuu my\u00f6s takkojen ja hormien verhoukseen sek\u00e4 saunoihin ja kattoelementteihin.<\/p>\n","protected":false},"excerpt":{"rendered":"<p>T\u00e4ystiili<\/p>\n","protected":false},"featured_media":272874,"template":"","meta":{"_acf_changed":false},"product_brand":[90],"product_cat":[461,463],"product_tag":[],"class_list":{"0":"post-269672","1":"product","2":"type-product","3":"status-publish","4":"has-post-thumbnail","6":"product_brand-lode","7":"product_cat-savupiippuja-uuneja-varten","8":"product_cat-taydet-tiilet","10":"first","11":"instock","12":"purchasable","13":"product-type-simple"},"acf":[],"_links":{"self":[{"href":"https:\/\/lode.lv\/fi\/wp-json\/wp\/v2\/product\/269672","targetHints":{"allow":["GET"]}}],"collection":[{"href":"https:\/\/lode.lv\/fi\/wp-json\/wp\/v2\/product"}],"about":[{"href":"https:\/\/lode.lv\/fi\/wp-json\/wp\/v2\/types\/product"}],"wp:featuredmedia":[{"embeddable":true,"href":"https:\/\/lode.lv\/fi\/wp-json\/wp\/v2\/media\/272874"}],"wp:attachment":[{"href":"https:\/\/lode.lv\/fi\/wp-json\/wp\/v2\/media?parent=269672"}],"wp:term":[{"taxonomy":"product_brand","embeddable":true,"href":"https:\/\/lode.lv\/fi\/wp-json\/wp\/v2\/product_brand?post=269672"},{"taxonomy":"product_cat","embeddable":true,"href":"https:\/\/lode.lv\/fi\/wp-json\/wp\/v2\/product_cat?post=269672"},{"taxonomy":"product_tag","embeddable":true,"href":"https:\/\/lode.lv\/fi\/wp-json\/wp\/v2\/product_tag?post=269672"}],"curies":[{"name":"wp","href":"https:\/\/api.w.org\/{rel}","templated":true}]}}