{"id":269638,"date":"2025-03-17T00:08:10","date_gmt":"2025-03-17T00:08:10","guid":{"rendered":"http:\/\/lode2025.local\/product\/classic-3\/"},"modified":"2025-05-12T17:21:04","modified_gmt":"2025-05-12T17:21:04","slug":"classic-3","status":"publish","type":"product","link":"https:\/\/lode.lv\/fi\/shop\/julkisivun-osalta\/julkisivun-tiililaatat\/classic-3\/","title":{"rendered":"CLASSIC"},"content":{"rendered":"<p>Julkisivutiililaatan syv\u00e4n punaruskea v\u00e4ri ja samettisen retrohenkinen pinta huokuvat klassista ja hienostunutta vieh\u00e4tyst\u00e4. Pienet tekstuurivaihtelut antavat julkisivulle luonnollisen ilmeen, ja l\u00e4mpim\u00e4t s\u00e4vyt sopivat t\u00e4ydellisesti sek\u00e4 perinteisiin ett\u00e4 moderneihin rakennuksiin. CLASSIC ei ainoastaan lis\u00e4\u00e4 rakennukseen luonnetta vaan takaa my\u00f6s aikaa kest\u00e4v\u00e4n ulkomuodon.<\/p>\n","protected":false},"excerpt":{"rendered":"<p>Julkisivulaatta<\/p>\n","protected":false},"featured_media":273210,"template":"","meta":{"_acf_changed":false},"product_brand":[103],"product_cat":[548,550],"product_tag":[],"class_list":{"0":"post-269638","1":"product","2":"type-product","3":"status-publish","4":"has-post-thumbnail","6":"product_brand-patoka","7":"product_cat-julkisivun-osalta","8":"product_cat-julkisivun-tiililaatat","10":"first","11":"instock","12":"purchasable","13":"product-type-simple"},"acf":[],"_links":{"self":[{"href":"https:\/\/lode.lv\/fi\/wp-json\/wp\/v2\/product\/269638","targetHints":{"allow":["GET"]}}],"collection":[{"href":"https:\/\/lode.lv\/fi\/wp-json\/wp\/v2\/product"}],"about":[{"href":"https:\/\/lode.lv\/fi\/wp-json\/wp\/v2\/types\/product"}],"wp:featuredmedia":[{"embeddable":true,"href":"https:\/\/lode.lv\/fi\/wp-json\/wp\/v2\/media\/273210"}],"wp:attachment":[{"href":"https:\/\/lode.lv\/fi\/wp-json\/wp\/v2\/media?parent=269638"}],"wp:term":[{"taxonomy":"product_brand","embeddable":true,"href":"https:\/\/lode.lv\/fi\/wp-json\/wp\/v2\/product_brand?post=269638"},{"taxonomy":"product_cat","embeddable":true,"href":"https:\/\/lode.lv\/fi\/wp-json\/wp\/v2\/product_cat?post=269638"},{"taxonomy":"product_tag","embeddable":true,"href":"https:\/\/lode.lv\/fi\/wp-json\/wp\/v2\/product_tag?post=269638"}],"curies":[{"name":"wp","href":"https:\/\/api.w.org\/{rel}","templated":true}]}}