{"id":269626,"date":"2025-03-17T00:08:10","date_gmt":"2025-03-17T00:08:10","guid":{"rendered":"http:\/\/lode2025.local\/product\/lima\/"},"modified":"2025-05-12T17:21:02","modified_gmt":"2025-05-12T17:21:02","slug":"lima","status":"publish","type":"product","link":"https:\/\/lode.lv\/fi\/shop\/julkisivun-osalta\/julkisivun-tiililaatat\/lima\/","title":{"rendered":"Laima"},"content":{"rendered":"<p>Tiililaatta, jossa on l\u00e4mmin, ruskeankeltainen s\u00e4vy. Sile\u00e4 pinta ja pehme\u00e4 mattapintainen tekstuuri tekev\u00e4t siit\u00e4 erinomaisen valinnan sek\u00e4 perinteisiin ett\u00e4 moderneihin rakennuksiin. LAIMA tuo julkisivuun kodikkuutta ja l\u00e4mp\u00f6\u00e4 ja luo harmonisen tasapainon hienostuneisuuden ja luonnollisuuden v\u00e4lille.  <\/p>\n","protected":false},"excerpt":{"rendered":"<p>Julkisivulaatta<\/p>\n","protected":false},"featured_media":273258,"template":"","meta":{"_acf_changed":false},"product_brand":[90],"product_cat":[548,550],"product_tag":[],"class_list":{"0":"post-269626","1":"product","2":"type-product","3":"status-publish","4":"has-post-thumbnail","6":"product_brand-lode","7":"product_cat-julkisivun-osalta","8":"product_cat-julkisivun-tiililaatat","10":"first","11":"instock","12":"purchasable","13":"product-type-simple"},"acf":[],"_links":{"self":[{"href":"https:\/\/lode.lv\/fi\/wp-json\/wp\/v2\/product\/269626","targetHints":{"allow":["GET"]}}],"collection":[{"href":"https:\/\/lode.lv\/fi\/wp-json\/wp\/v2\/product"}],"about":[{"href":"https:\/\/lode.lv\/fi\/wp-json\/wp\/v2\/types\/product"}],"wp:featuredmedia":[{"embeddable":true,"href":"https:\/\/lode.lv\/fi\/wp-json\/wp\/v2\/media\/273258"}],"wp:attachment":[{"href":"https:\/\/lode.lv\/fi\/wp-json\/wp\/v2\/media?parent=269626"}],"wp:term":[{"taxonomy":"product_brand","embeddable":true,"href":"https:\/\/lode.lv\/fi\/wp-json\/wp\/v2\/product_brand?post=269626"},{"taxonomy":"product_cat","embeddable":true,"href":"https:\/\/lode.lv\/fi\/wp-json\/wp\/v2\/product_cat?post=269626"},{"taxonomy":"product_tag","embeddable":true,"href":"https:\/\/lode.lv\/fi\/wp-json\/wp\/v2\/product_tag?post=269626"}],"curies":[{"name":"wp","href":"https:\/\/api.w.org\/{rel}","templated":true}]}}