{"id":269620,"date":"2025-03-17T00:13:54","date_gmt":"2025-03-17T00:13:54","guid":{"rendered":"http:\/\/lode2025.local\/product\/vaaka-raaputettu\/"},"modified":"2025-05-12T17:21:01","modified_gmt":"2025-05-12T17:21:01","slug":"vaaka-raaputettu","status":"publish","type":"product","link":"https:\/\/lode.lv\/fi\/shop\/julkisivun-osalta\/julkisivun-tiililaatat\/vaaka-raaputettu\/","title":{"rendered":"Libra (uurrettu)"},"content":{"rendered":"<p>LIBRA antaa julkisivulle punaisen v\u00e4rins\u00e4 ja uurretun pintansa ansiosta ainutlaatuisen tekstuurin ja syvyyden. T\u00e4m\u00e4n tiililaatan ep\u00e4tasainen rakenne korostaa materiaalin luonnollisuutta ja luo liev\u00e4n kohokuvion, joka muuttaa ulkon\u00e4k\u00f6\u00e4\u00e4n valaistuksen mukaan. T\u00e4m\u00e4 valinta sopii niille, jotka haluavat antaa rakennukselleen yksil\u00f6llisen ja ilmeikk\u00e4\u00e4n luonteen.<\/p>\n","protected":false},"excerpt":{"rendered":"<p>Julkisivulaatta<\/p>\n","protected":false},"featured_media":273214,"template":"","meta":{"_acf_changed":false},"product_brand":[90],"product_cat":[548,550],"product_tag":[],"class_list":{"0":"post-269620","1":"product","2":"type-product","3":"status-publish","4":"has-post-thumbnail","6":"product_brand-lode","7":"product_cat-julkisivun-osalta","8":"product_cat-julkisivun-tiililaatat","10":"first","11":"instock","12":"purchasable","13":"product-type-simple"},"acf":[],"_links":{"self":[{"href":"https:\/\/lode.lv\/fi\/wp-json\/wp\/v2\/product\/269620","targetHints":{"allow":["GET"]}}],"collection":[{"href":"https:\/\/lode.lv\/fi\/wp-json\/wp\/v2\/product"}],"about":[{"href":"https:\/\/lode.lv\/fi\/wp-json\/wp\/v2\/types\/product"}],"wp:featuredmedia":[{"embeddable":true,"href":"https:\/\/lode.lv\/fi\/wp-json\/wp\/v2\/media\/273214"}],"wp:attachment":[{"href":"https:\/\/lode.lv\/fi\/wp-json\/wp\/v2\/media?parent=269620"}],"wp:term":[{"taxonomy":"product_brand","embeddable":true,"href":"https:\/\/lode.lv\/fi\/wp-json\/wp\/v2\/product_brand?post=269620"},{"taxonomy":"product_cat","embeddable":true,"href":"https:\/\/lode.lv\/fi\/wp-json\/wp\/v2\/product_cat?post=269620"},{"taxonomy":"product_tag","embeddable":true,"href":"https:\/\/lode.lv\/fi\/wp-json\/wp\/v2\/product_tag?post=269620"}],"curies":[{"name":"wp","href":"https:\/\/api.w.org\/{rel}","templated":true}]}}