{"id":269618,"date":"2025-03-17T00:13:54","date_gmt":"2025-03-17T00:13:54","guid":{"rendered":"http:\/\/lode2025.local\/product\/punta-2\/"},"modified":"2025-05-12T17:21:01","modified_gmt":"2025-05-12T17:21:01","slug":"punta-2","status":"publish","type":"product","link":"https:\/\/lode.lv\/fi\/shop\/julkisivun-osalta\/julkisivun-tiililaatat\/punta-2\/","title":{"rendered":"Libra"},"content":{"rendered":"<p>Punainen v\u00e4ri ja sen hieman kuvioitu, sile\u00e4 pinta antavat LIBRA-tiililaatoille tyylikk\u00e4\u00e4n ja nykyaikaisen ilmeen, joka sopii harmonisesti erilaisiin julkisivuratkaisuihin. Tuote tarjoaa lujan ja s\u00e4\u00e4nkest\u00e4v\u00e4n pinnan, joka s\u00e4ilytt\u00e4\u00e4 v\u00e4rin syvyyden pitk\u00e4n aikaa.<\/p>\n","protected":false},"excerpt":{"rendered":"<p>Julkisivulaatta<\/p>\n","protected":false},"featured_media":273234,"template":"","meta":{"_acf_changed":false},"product_brand":[90],"product_cat":[548,550],"product_tag":[],"class_list":{"0":"post-269618","1":"product","2":"type-product","3":"status-publish","4":"has-post-thumbnail","6":"product_brand-lode","7":"product_cat-julkisivun-osalta","8":"product_cat-julkisivun-tiililaatat","10":"first","11":"instock","12":"purchasable","13":"product-type-simple"},"acf":[],"_links":{"self":[{"href":"https:\/\/lode.lv\/fi\/wp-json\/wp\/v2\/product\/269618","targetHints":{"allow":["GET"]}}],"collection":[{"href":"https:\/\/lode.lv\/fi\/wp-json\/wp\/v2\/product"}],"about":[{"href":"https:\/\/lode.lv\/fi\/wp-json\/wp\/v2\/types\/product"}],"wp:featuredmedia":[{"embeddable":true,"href":"https:\/\/lode.lv\/fi\/wp-json\/wp\/v2\/media\/273234"}],"wp:attachment":[{"href":"https:\/\/lode.lv\/fi\/wp-json\/wp\/v2\/media?parent=269618"}],"wp:term":[{"taxonomy":"product_brand","embeddable":true,"href":"https:\/\/lode.lv\/fi\/wp-json\/wp\/v2\/product_brand?post=269618"},{"taxonomy":"product_cat","embeddable":true,"href":"https:\/\/lode.lv\/fi\/wp-json\/wp\/v2\/product_cat?post=269618"},{"taxonomy":"product_tag","embeddable":true,"href":"https:\/\/lode.lv\/fi\/wp-json\/wp\/v2\/product_tag?post=269618"}],"curies":[{"name":"wp","href":"https:\/\/api.w.org\/{rel}","templated":true}]}}