{"id":269613,"date":"2025-03-17T00:13:54","date_gmt":"2025-03-17T00:13:54","guid":{"rendered":"http:\/\/lode2025.local\/product\/punta\/"},"modified":"2025-05-12T17:21:00","modified_gmt":"2025-05-12T17:21:00","slug":"punta","status":"publish","type":"product","link":"https:\/\/lode.lv\/fi\/shop\/julkisivun-osalta\/julkisivun-tiililaatat\/kulman-viimeistely-tiililaatat\/punta\/","title":{"rendered":"Libra"},"content":{"rendered":"<p>LIBRA-kulmatiililaatat s\u00e4ilytt\u00e4v\u00e4t LIBRAn punaisen s\u00e4vyn ja sile\u00e4n pinnan, mik\u00e4 luo saumattoman siirtym\u00e4n julkisivun kulmiin. Ne auttavat s\u00e4ilytt\u00e4m\u00e4\u00e4n arkkitehtonisen yhten\u00e4isyyden ja luovat tarkkoja, viimeisteltyj\u00e4 kulmaratkaisuja, jotka parantavat julkisivun esteettist\u00e4 laatua. <\/p>\n","protected":false},"excerpt":{"rendered":"<p>Julkisivun kulmalaatta<\/p>\n","protected":false},"featured_media":273234,"template":"","meta":{"_acf_changed":false},"product_brand":[90],"product_cat":[548,550,551],"product_tag":[],"class_list":{"0":"post-269613","1":"product","2":"type-product","3":"status-publish","4":"has-post-thumbnail","6":"product_brand-lode","7":"product_cat-julkisivun-osalta","8":"product_cat-julkisivun-tiililaatat","9":"product_cat-kulman-viimeistely-tiililaatat","11":"first","12":"instock","13":"purchasable","14":"product-type-simple"},"acf":[],"_links":{"self":[{"href":"https:\/\/lode.lv\/fi\/wp-json\/wp\/v2\/product\/269613","targetHints":{"allow":["GET"]}}],"collection":[{"href":"https:\/\/lode.lv\/fi\/wp-json\/wp\/v2\/product"}],"about":[{"href":"https:\/\/lode.lv\/fi\/wp-json\/wp\/v2\/types\/product"}],"wp:featuredmedia":[{"embeddable":true,"href":"https:\/\/lode.lv\/fi\/wp-json\/wp\/v2\/media\/273234"}],"wp:attachment":[{"href":"https:\/\/lode.lv\/fi\/wp-json\/wp\/v2\/media?parent=269613"}],"wp:term":[{"taxonomy":"product_brand","embeddable":true,"href":"https:\/\/lode.lv\/fi\/wp-json\/wp\/v2\/product_brand?post=269613"},{"taxonomy":"product_cat","embeddable":true,"href":"https:\/\/lode.lv\/fi\/wp-json\/wp\/v2\/product_cat?post=269613"},{"taxonomy":"product_tag","embeddable":true,"href":"https:\/\/lode.lv\/fi\/wp-json\/wp\/v2\/product_tag?post=269613"}],"curies":[{"name":"wp","href":"https:\/\/api.w.org\/{rel}","templated":true}]}}