{"id":269599,"date":"2025-03-17T00:13:54","date_gmt":"2025-03-17T00:13:54","guid":{"rendered":"http:\/\/lode2025.local\/product\/sirius\/"},"modified":"2025-05-12T17:20:56","modified_gmt":"2025-05-12T17:20:56","slug":"sirius","status":"publish","type":"product","link":"https:\/\/lode.lv\/fi\/shop\/julkisivun-osalta\/julkisivun-tiililaatat\/sirius\/","title":{"rendered":"Syriusz"},"content":{"rendered":"<p>Tummanharmaa s\u00e4vy ja mattapinta luovat modernin, minimalistisen tunnelman, joka sopii erityisen hyvin teolliseen ja nykyaikaiseen arkkitehtuuriin. SYRIUSZ-julkisivulaatta ei ole vain visuaalisesti houkutteleva, vaan my\u00f6s s\u00e4\u00e4nkest\u00e4v\u00e4, joten sen laatu s\u00e4ilyy vuosia.<\/p>\n","protected":false},"excerpt":{"rendered":"<p>Julkisivulaatta<\/p>\n","protected":false},"featured_media":272918,"template":"","meta":{"_acf_changed":false},"product_brand":[90],"product_cat":[548,550],"product_tag":[],"class_list":{"0":"post-269599","1":"product","2":"type-product","3":"status-publish","4":"has-post-thumbnail","6":"product_brand-lode","7":"product_cat-julkisivun-osalta","8":"product_cat-julkisivun-tiililaatat","10":"first","11":"instock","12":"purchasable","13":"product-type-simple"},"acf":[],"_links":{"self":[{"href":"https:\/\/lode.lv\/fi\/wp-json\/wp\/v2\/product\/269599","targetHints":{"allow":["GET"]}}],"collection":[{"href":"https:\/\/lode.lv\/fi\/wp-json\/wp\/v2\/product"}],"about":[{"href":"https:\/\/lode.lv\/fi\/wp-json\/wp\/v2\/types\/product"}],"wp:featuredmedia":[{"embeddable":true,"href":"https:\/\/lode.lv\/fi\/wp-json\/wp\/v2\/media\/272918"}],"wp:attachment":[{"href":"https:\/\/lode.lv\/fi\/wp-json\/wp\/v2\/media?parent=269599"}],"wp:term":[{"taxonomy":"product_brand","embeddable":true,"href":"https:\/\/lode.lv\/fi\/wp-json\/wp\/v2\/product_brand?post=269599"},{"taxonomy":"product_cat","embeddable":true,"href":"https:\/\/lode.lv\/fi\/wp-json\/wp\/v2\/product_cat?post=269599"},{"taxonomy":"product_tag","embeddable":true,"href":"https:\/\/lode.lv\/fi\/wp-json\/wp\/v2\/product_tag?post=269599"}],"curies":[{"name":"wp","href":"https:\/\/api.w.org\/{rel}","templated":true}]}}