{"id":269594,"date":"2025-03-17T00:13:54","date_gmt":"2025-03-17T00:13:54","guid":{"rendered":"http:\/\/lode2025.local\/product\/harka-naarmuuntunut\/"},"modified":"2025-05-12T17:20:53","modified_gmt":"2025-05-12T17:20:53","slug":"harka-naarmuuntunut","status":"publish","type":"product","link":"https:\/\/lode.lv\/fi\/shop\/julkisivun-osalta\/julkisivun-tiililaatat\/harka-naarmuuntunut\/","title":{"rendered":"Taurus (uurrettu)"},"content":{"rendered":"<p>Uurretussa TAURUS-tiililaatassa on rikas ruskea s\u00e4vy ja erityinen tekstuuri, joka antaa julkisivulle syvyytt\u00e4 ja ilmaisuvoimaa. T\u00e4m\u00e4 viimeistely luo hieman karhean mutta visuaalisesti houkuttelevan vaikutelman, joka vaihtelee valaistuksen mukaan. T\u00e4m\u00e4 tiililaatta sopii ihanteellisesti rakennuksiin, jotka vaativat erityist\u00e4 luonnetta ja tekstuurillisia korostuksia.<\/p>\n","protected":false},"excerpt":{"rendered":"<p>Julkisivulaatta<\/p>\n","protected":false},"featured_media":273218,"template":"","meta":{"_acf_changed":false},"product_brand":[90],"product_cat":[548,550],"product_tag":[],"class_list":{"0":"post-269594","1":"product","2":"type-product","3":"status-publish","4":"has-post-thumbnail","6":"product_brand-lode","7":"product_cat-julkisivun-osalta","8":"product_cat-julkisivun-tiililaatat","10":"first","11":"instock","12":"purchasable","13":"product-type-simple"},"acf":[],"_links":{"self":[{"href":"https:\/\/lode.lv\/fi\/wp-json\/wp\/v2\/product\/269594","targetHints":{"allow":["GET"]}}],"collection":[{"href":"https:\/\/lode.lv\/fi\/wp-json\/wp\/v2\/product"}],"about":[{"href":"https:\/\/lode.lv\/fi\/wp-json\/wp\/v2\/types\/product"}],"wp:featuredmedia":[{"embeddable":true,"href":"https:\/\/lode.lv\/fi\/wp-json\/wp\/v2\/media\/273218"}],"wp:attachment":[{"href":"https:\/\/lode.lv\/fi\/wp-json\/wp\/v2\/media?parent=269594"}],"wp:term":[{"taxonomy":"product_brand","embeddable":true,"href":"https:\/\/lode.lv\/fi\/wp-json\/wp\/v2\/product_brand?post=269594"},{"taxonomy":"product_cat","embeddable":true,"href":"https:\/\/lode.lv\/fi\/wp-json\/wp\/v2\/product_cat?post=269594"},{"taxonomy":"product_tag","embeddable":true,"href":"https:\/\/lode.lv\/fi\/wp-json\/wp\/v2\/product_tag?post=269594"}],"curies":[{"name":"wp","href":"https:\/\/api.w.org\/{rel}","templated":true}]}}