{"id":269586,"date":"2025-03-17T00:13:54","date_gmt":"2025-03-17T00:13:54","guid":{"rendered":"http:\/\/lode2025.local\/product\/taurus\/"},"modified":"2025-05-12T17:20:53","modified_gmt":"2025-05-12T17:20:53","slug":"taurus","status":"publish","type":"product","link":"https:\/\/lode.lv\/fi\/shop\/julkisivun-osalta\/julkisivun-tiililaatat\/kulman-viimeistely-tiililaatat\/taurus\/","title":{"rendered":"Taurus"},"content":{"rendered":"<p>TAURUS-kulmatiililaatat s\u00e4ilytt\u00e4v\u00e4t ruskean s\u00e4vyn ja sile\u00e4n tekstuurin, mik\u00e4 takaa tasaisen ja harmonisen viimeistelyn julkisivun kulmiin. T\u00e4m\u00e4 mahdollistaa visuaalisesti yhten\u00e4isen ja esteettisesti miellytt\u00e4v\u00e4n julkisivun, joka lis\u00e4\u00e4 kulmiin voimaa ja viimeistellyn tunteen.<\/p>\n","protected":false},"excerpt":{"rendered":"<p>Julkisivun kulmalaatta<\/p>\n","protected":false},"featured_media":271190,"template":"","meta":{"_acf_changed":false},"product_brand":[90],"product_cat":[548,550,551],"product_tag":[],"class_list":{"0":"post-269586","1":"product","2":"type-product","3":"status-publish","4":"has-post-thumbnail","6":"product_brand-lode","7":"product_cat-julkisivun-osalta","8":"product_cat-julkisivun-tiililaatat","9":"product_cat-kulman-viimeistely-tiililaatat","11":"first","12":"instock","13":"purchasable","14":"product-type-simple"},"acf":[],"_links":{"self":[{"href":"https:\/\/lode.lv\/fi\/wp-json\/wp\/v2\/product\/269586","targetHints":{"allow":["GET"]}}],"collection":[{"href":"https:\/\/lode.lv\/fi\/wp-json\/wp\/v2\/product"}],"about":[{"href":"https:\/\/lode.lv\/fi\/wp-json\/wp\/v2\/types\/product"}],"wp:featuredmedia":[{"embeddable":true,"href":"https:\/\/lode.lv\/fi\/wp-json\/wp\/v2\/media\/271190"}],"wp:attachment":[{"href":"https:\/\/lode.lv\/fi\/wp-json\/wp\/v2\/media?parent=269586"}],"wp:term":[{"taxonomy":"product_brand","embeddable":true,"href":"https:\/\/lode.lv\/fi\/wp-json\/wp\/v2\/product_brand?post=269586"},{"taxonomy":"product_cat","embeddable":true,"href":"https:\/\/lode.lv\/fi\/wp-json\/wp\/v2\/product_cat?post=269586"},{"taxonomy":"product_tag","embeddable":true,"href":"https:\/\/lode.lv\/fi\/wp-json\/wp\/v2\/product_tag?post=269586"}],"curies":[{"name":"wp","href":"https:\/\/api.w.org\/{rel}","templated":true}]}}