{"id":269578,"date":"2025-03-17T00:13:54","date_gmt":"2025-03-17T00:13:54","guid":{"rendered":"http:\/\/lode2025.local\/product\/toba-2\/"},"modified":"2025-05-12T17:20:52","modified_gmt":"2025-05-12T17:20:52","slug":"toba-2","status":"publish","type":"product","link":"https:\/\/lode.lv\/fi\/shop\/julkisivun-osalta\/julkisivun-tiililaatat\/toba-2\/","title":{"rendered":"TOBA"},"content":{"rendered":"<p>TOBA erottuu rauhallisella mutta ilmeikk\u00e4\u00e4ll\u00e4 tummanharmaalla s\u00e4vyll\u00e4\u00e4n, joka luo vakauden ja nykyaikaisuuden tunteen. Sen retrohenkinen mattapinta ja hienovarainen tekstuuri auttavat luomaan tyylikk\u00e4\u00e4n mutta vankan julkisivun. Tiili sopii hyvin yhteen teollisen, minimalistisen ja pohjoismaisen tyylin kanssa luoden arkkitehtonista eheytt\u00e4 ja hienostuneen visuaalisen ilmeen.  <\/p>\n","protected":false},"excerpt":{"rendered":"<p>Julkisivulaatta<\/p>\n","protected":false},"featured_media":273222,"template":"","meta":{"_acf_changed":false},"product_brand":[103],"product_cat":[548,550],"product_tag":[],"class_list":{"0":"post-269578","1":"product","2":"type-product","3":"status-publish","4":"has-post-thumbnail","6":"product_brand-patoka","7":"product_cat-julkisivun-osalta","8":"product_cat-julkisivun-tiililaatat","10":"first","11":"instock","12":"purchasable","13":"product-type-simple"},"acf":[],"_links":{"self":[{"href":"https:\/\/lode.lv\/fi\/wp-json\/wp\/v2\/product\/269578","targetHints":{"allow":["GET"]}}],"collection":[{"href":"https:\/\/lode.lv\/fi\/wp-json\/wp\/v2\/product"}],"about":[{"href":"https:\/\/lode.lv\/fi\/wp-json\/wp\/v2\/types\/product"}],"wp:featuredmedia":[{"embeddable":true,"href":"https:\/\/lode.lv\/fi\/wp-json\/wp\/v2\/media\/273222"}],"wp:attachment":[{"href":"https:\/\/lode.lv\/fi\/wp-json\/wp\/v2\/media?parent=269578"}],"wp:term":[{"taxonomy":"product_brand","embeddable":true,"href":"https:\/\/lode.lv\/fi\/wp-json\/wp\/v2\/product_brand?post=269578"},{"taxonomy":"product_cat","embeddable":true,"href":"https:\/\/lode.lv\/fi\/wp-json\/wp\/v2\/product_cat?post=269578"},{"taxonomy":"product_tag","embeddable":true,"href":"https:\/\/lode.lv\/fi\/wp-json\/wp\/v2\/product_tag?post=269578"}],"curies":[{"name":"wp","href":"https:\/\/api.w.org\/{rel}","templated":true}]}}