{"id":269572,"date":"2025-03-17T00:13:54","date_gmt":"2025-03-17T00:13:54","guid":{"rendered":"http:\/\/lode2025.local\/product\/tybet\/"},"modified":"2025-05-12T17:20:51","modified_gmt":"2025-05-12T17:20:51","slug":"tybet","status":"publish","type":"product","link":"https:\/\/lode.lv\/fi\/shop\/julkisivun-osalta\/julkisivun-tiililaatat\/kulman-viimeistely-tiililaatat\/tybet\/","title":{"rendered":"TYBET"},"content":{"rendered":"<p>Julkisivun kulmatiililaatta s\u00e4ilytt\u00e4\u00e4 TYBET-malliston harmaan tyylikkyyden huolellisesti suunnitellulla kulmamuodolla, joka mahdollistaa visuaalisesti saumattomat ja tarkat julkisivunurkat. Se varmistaa paitsi esteettisen yhten\u00e4isyyden my\u00f6s paremman rakenteellisen kest\u00e4vyyden mahdollistaen harmonisen ja t\u00e4ydellisen rakenteen ilman katkoksia tai visuaalisia v\u00e4\u00e4ristymi\u00e4.<\/p>\n","protected":false},"excerpt":{"rendered":"<p>Julkisivun kulmalaatta<\/p>\n","protected":false},"featured_media":273226,"template":"","meta":{"_acf_changed":false},"product_brand":[90],"product_cat":[548,550,551],"product_tag":[],"class_list":{"0":"post-269572","1":"product","2":"type-product","3":"status-publish","4":"has-post-thumbnail","6":"product_brand-lode","7":"product_cat-julkisivun-osalta","8":"product_cat-julkisivun-tiililaatat","9":"product_cat-kulman-viimeistely-tiililaatat","11":"first","12":"instock","13":"purchasable","14":"product-type-simple"},"acf":[],"_links":{"self":[{"href":"https:\/\/lode.lv\/fi\/wp-json\/wp\/v2\/product\/269572","targetHints":{"allow":["GET"]}}],"collection":[{"href":"https:\/\/lode.lv\/fi\/wp-json\/wp\/v2\/product"}],"about":[{"href":"https:\/\/lode.lv\/fi\/wp-json\/wp\/v2\/types\/product"}],"wp:featuredmedia":[{"embeddable":true,"href":"https:\/\/lode.lv\/fi\/wp-json\/wp\/v2\/media\/273226"}],"wp:attachment":[{"href":"https:\/\/lode.lv\/fi\/wp-json\/wp\/v2\/media?parent=269572"}],"wp:term":[{"taxonomy":"product_brand","embeddable":true,"href":"https:\/\/lode.lv\/fi\/wp-json\/wp\/v2\/product_brand?post=269572"},{"taxonomy":"product_cat","embeddable":true,"href":"https:\/\/lode.lv\/fi\/wp-json\/wp\/v2\/product_cat?post=269572"},{"taxonomy":"product_tag","embeddable":true,"href":"https:\/\/lode.lv\/fi\/wp-json\/wp\/v2\/product_tag?post=269572"}],"curies":[{"name":"wp","href":"https:\/\/api.w.org\/{rel}","templated":true}]}}