{"id":269553,"date":"2025-03-17T01:02:34","date_gmt":"2025-03-17T01:02:34","guid":{"rendered":"http:\/\/lode2025.local\/product\/keraterm-44-s\/"},"modified":"2025-05-12T17:20:49","modified_gmt":"2025-05-12T17:20:49","slug":"keraterm-44-s","status":"publish","type":"product","link":"https:\/\/lode.lv\/fi\/shop\/lode-rakennuspalikat\/lode-keraterm-fi\/keraterm-44-s\/","title":{"rendered":"Keraterm 44 S"},"content":{"rendered":"<p>LODE Keraterm 44s (kulmaharkko) on suunniteltu talon kulmien, ovi- ja ikkuna-aukkojen sek\u00e4 saumojen rakentamiseen 440 mm paksuihin seiniin. N\u00e4it\u00e4 saviharkkoja ei tarvitse halkaista, mik\u00e4 s\u00e4\u00e4st\u00e4\u00e4 aikaa ja resursseja. LODE Keraterm 44s on LODE Keraterm 44:n lis\u00e4elementti. Niit\u00e4 k\u00e4ytet\u00e4\u00e4n kulmien ja ovi- ja ikkuna-aukkojen rakentamiseen taloissa sek\u00e4 seinien harkkorivien t\u00e4ydent\u00e4miseen tarvittaessa.<\/p>\n","protected":false},"excerpt":{"rendered":"<p>Rakennusharkko<\/p>\n","protected":false},"featured_media":273306,"template":"","meta":{"_acf_changed":false},"product_brand":[],"product_cat":[514,519,529],"product_tag":[],"class_list":{"0":"post-269553","1":"product","2":"type-product","3":"status-publish","4":"has-post-thumbnail","6":"product_cat-lode-keraterm-fi","7":"product_cat-lode-rakennuspalikat","8":"product_cat-rakentamista-varten","10":"first","11":"instock","12":"product-type-simple"},"acf":[],"_links":{"self":[{"href":"https:\/\/lode.lv\/fi\/wp-json\/wp\/v2\/product\/269553","targetHints":{"allow":["GET"]}}],"collection":[{"href":"https:\/\/lode.lv\/fi\/wp-json\/wp\/v2\/product"}],"about":[{"href":"https:\/\/lode.lv\/fi\/wp-json\/wp\/v2\/types\/product"}],"wp:featuredmedia":[{"embeddable":true,"href":"https:\/\/lode.lv\/fi\/wp-json\/wp\/v2\/media\/273306"}],"wp:attachment":[{"href":"https:\/\/lode.lv\/fi\/wp-json\/wp\/v2\/media?parent=269553"}],"wp:term":[{"taxonomy":"product_brand","embeddable":true,"href":"https:\/\/lode.lv\/fi\/wp-json\/wp\/v2\/product_brand?post=269553"},{"taxonomy":"product_cat","embeddable":true,"href":"https:\/\/lode.lv\/fi\/wp-json\/wp\/v2\/product_cat?post=269553"},{"taxonomy":"product_tag","embeddable":true,"href":"https:\/\/lode.lv\/fi\/wp-json\/wp\/v2\/product_tag?post=269553"}],"curies":[{"name":"wp","href":"https:\/\/api.w.org\/{rel}","templated":true}]}}