{"id":269552,"date":"2025-03-17T01:02:34","date_gmt":"2025-03-17T01:02:34","guid":{"rendered":"http:\/\/lode2025.local\/product\/keraterm-12\/"},"modified":"2025-05-12T17:20:50","modified_gmt":"2025-05-12T17:20:50","slug":"keraterm-12","status":"publish","type":"product","link":"https:\/\/lode.lv\/fi\/shop\/lode-rakennuspalikat\/lode-keraterm-fi\/keraterm-12\/","title":{"rendered":"Keraterm 12"},"content":{"rendered":"<p>LODE Keraterm 12 on kennoharkko, joka on suunniteltu sis\u00e4isten v\u00e4liseinien rakentamiseen. Sen kevyt rakenne takaa nopean ja helpon muurausprosessin lujuudesta ja vakaudesta tinkim\u00e4tt\u00e4. Luonnonsavimateriaali tarjoaa hyv\u00e4n \u00e4\u00e4nieristyksen, auttaa yll\u00e4pit\u00e4m\u00e4\u00e4n miellytt\u00e4v\u00e4\u00e4 sis\u00e4ilmastoa ja s\u00e4\u00e4telee kosteustasoa. Keraterm 12 on ymp\u00e4rist\u00f6yst\u00e4v\u00e4llinen ratkaisu, joka tuo viihtyisyytt\u00e4 ja terveellisyytt\u00e4 asuintiloihin.<\/p>\n","protected":false},"excerpt":{"rendered":"<p>Rakennusharkko<\/p>\n","protected":false},"featured_media":273270,"template":"","meta":{"_acf_changed":false},"product_brand":[],"product_cat":[514,519,529],"product_tag":[],"class_list":{"0":"post-269552","1":"product","2":"type-product","3":"status-publish","4":"has-post-thumbnail","6":"product_cat-lode-keraterm-fi","7":"product_cat-lode-rakennuspalikat","8":"product_cat-rakentamista-varten","10":"first","11":"instock","12":"product-type-simple"},"acf":[],"_links":{"self":[{"href":"https:\/\/lode.lv\/fi\/wp-json\/wp\/v2\/product\/269552","targetHints":{"allow":["GET"]}}],"collection":[{"href":"https:\/\/lode.lv\/fi\/wp-json\/wp\/v2\/product"}],"about":[{"href":"https:\/\/lode.lv\/fi\/wp-json\/wp\/v2\/types\/product"}],"wp:featuredmedia":[{"embeddable":true,"href":"https:\/\/lode.lv\/fi\/wp-json\/wp\/v2\/media\/273270"}],"wp:attachment":[{"href":"https:\/\/lode.lv\/fi\/wp-json\/wp\/v2\/media?parent=269552"}],"wp:term":[{"taxonomy":"product_brand","embeddable":true,"href":"https:\/\/lode.lv\/fi\/wp-json\/wp\/v2\/product_brand?post=269552"},{"taxonomy":"product_cat","embeddable":true,"href":"https:\/\/lode.lv\/fi\/wp-json\/wp\/v2\/product_cat?post=269552"},{"taxonomy":"product_tag","embeddable":true,"href":"https:\/\/lode.lv\/fi\/wp-json\/wp\/v2\/product_tag?post=269552"}],"curies":[{"name":"wp","href":"https:\/\/api.w.org\/{rel}","templated":true}]}}