{"id":269545,"date":"2025-03-17T01:02:34","date_gmt":"2025-03-17T01:02:34","guid":{"rendered":"http:\/\/lode2025.local\/product\/keraterm-44-2\/"},"modified":"2025-05-12T17:20:50","modified_gmt":"2025-05-12T17:20:50","slug":"keraterm-44-2","status":"publish","type":"product","link":"https:\/\/lode.lv\/fi\/shop\/lode-rakennuspalikat\/lode-keraterm-fi\/keraterm-44-2\/","title":{"rendered":"Keraterm 44\/2"},"content":{"rendered":"<p>LODE Keraterm 44\/2 (puoliharkko) on suunniteltu 440 mm paksujen seinien ja v\u00e4liseinien kulmien rakentamiseen. N\u00e4m\u00e4 kennoharkot eiv\u00e4t edellyt\u00e4 halkaisemista. LODE Keraterm 44S -saviharkot ovat LODE Keraterm 44 -harkkojen t\u00e4ydent\u00e4v\u00e4 elementti. N\u00e4it\u00e4 harkkoja k\u00e4ytet\u00e4\u00e4n talojen kulmien ja ovi- ja ikkuna-aukkojen rakentamiseen sek\u00e4 talon harkkorivien viimeistelyyn tarvittaessa.<\/p>\n","protected":false},"excerpt":{"rendered":"<p>Rakennusharkko<\/p>\n","protected":false},"featured_media":273274,"template":"","meta":{"_acf_changed":false},"product_brand":[],"product_cat":[514,519,529],"product_tag":[],"class_list":{"0":"post-269545","1":"product","2":"type-product","3":"status-publish","4":"has-post-thumbnail","6":"product_cat-lode-keraterm-fi","7":"product_cat-lode-rakennuspalikat","8":"product_cat-rakentamista-varten","10":"first","11":"instock","12":"product-type-simple"},"acf":[],"_links":{"self":[{"href":"https:\/\/lode.lv\/fi\/wp-json\/wp\/v2\/product\/269545","targetHints":{"allow":["GET"]}}],"collection":[{"href":"https:\/\/lode.lv\/fi\/wp-json\/wp\/v2\/product"}],"about":[{"href":"https:\/\/lode.lv\/fi\/wp-json\/wp\/v2\/types\/product"}],"wp:featuredmedia":[{"embeddable":true,"href":"https:\/\/lode.lv\/fi\/wp-json\/wp\/v2\/media\/273274"}],"wp:attachment":[{"href":"https:\/\/lode.lv\/fi\/wp-json\/wp\/v2\/media?parent=269545"}],"wp:term":[{"taxonomy":"product_brand","embeddable":true,"href":"https:\/\/lode.lv\/fi\/wp-json\/wp\/v2\/product_brand?post=269545"},{"taxonomy":"product_cat","embeddable":true,"href":"https:\/\/lode.lv\/fi\/wp-json\/wp\/v2\/product_cat?post=269545"},{"taxonomy":"product_tag","embeddable":true,"href":"https:\/\/lode.lv\/fi\/wp-json\/wp\/v2\/product_tag?post=269545"}],"curies":[{"name":"wp","href":"https:\/\/api.w.org\/{rel}","templated":true}]}}