{"id":269539,"date":"2025-03-17T01:02:34","date_gmt":"2025-03-17T01:02:34","guid":{"rendered":"http:\/\/lode2025.local\/product\/keraterm-38\/"},"modified":"2025-05-12T17:20:48","modified_gmt":"2025-05-12T17:20:48","slug":"keraterm-38","status":"publish","type":"product","link":"https:\/\/lode.lv\/fi\/shop\/lode-rakennuspalikat\/lode-keraterm-fi\/keraterm-38\/","title":{"rendered":"Keraterm 38"},"content":{"rendered":"<p>LODE Keraterm 38 on erinomainen valinta niille, jotka haluavat rakentaa energiatehokkaita ja kest\u00e4vi\u00e4 rakennuksia. N\u00e4ill\u00e4 harkoilla on korkea l\u00e4mm\u00f6nerist\u00e4vyys, ja niiden keraamisen materiaalin luonnolliset ominaisuudet auttavat yll\u00e4pit\u00e4m\u00e4\u00e4n optimaalista sis\u00e4ilman kosteustasoa, mik\u00e4 edist\u00e4\u00e4 terveellist\u00e4 ja miellytt\u00e4v\u00e4\u00e4 mikroilmastoa. Keraterm 38 soveltuu asuinrakennusten (ja muiden rakennusten) kantavien ulkoseinien kulmien ja saumojen rakentamiseen.<\/p>\n","protected":false},"excerpt":{"rendered":"<p>Rakennusharkko<\/p>\n","protected":false},"featured_media":273310,"template":"","meta":{"_acf_changed":false},"product_brand":[],"product_cat":[514,519,529],"product_tag":[],"class_list":{"0":"post-269539","1":"product","2":"type-product","3":"status-publish","4":"has-post-thumbnail","6":"product_cat-lode-keraterm-fi","7":"product_cat-lode-rakennuspalikat","8":"product_cat-rakentamista-varten","10":"first","11":"instock","12":"product-type-simple"},"acf":[],"_links":{"self":[{"href":"https:\/\/lode.lv\/fi\/wp-json\/wp\/v2\/product\/269539","targetHints":{"allow":["GET"]}}],"collection":[{"href":"https:\/\/lode.lv\/fi\/wp-json\/wp\/v2\/product"}],"about":[{"href":"https:\/\/lode.lv\/fi\/wp-json\/wp\/v2\/types\/product"}],"wp:featuredmedia":[{"embeddable":true,"href":"https:\/\/lode.lv\/fi\/wp-json\/wp\/v2\/media\/273310"}],"wp:attachment":[{"href":"https:\/\/lode.lv\/fi\/wp-json\/wp\/v2\/media?parent=269539"}],"wp:term":[{"taxonomy":"product_brand","embeddable":true,"href":"https:\/\/lode.lv\/fi\/wp-json\/wp\/v2\/product_brand?post=269539"},{"taxonomy":"product_cat","embeddable":true,"href":"https:\/\/lode.lv\/fi\/wp-json\/wp\/v2\/product_cat?post=269539"},{"taxonomy":"product_tag","embeddable":true,"href":"https:\/\/lode.lv\/fi\/wp-json\/wp\/v2\/product_tag?post=269539"}],"curies":[{"name":"wp","href":"https:\/\/api.w.org\/{rel}","templated":true}]}}