{"id":269538,"date":"2025-03-17T01:02:34","date_gmt":"2025-03-17T01:02:34","guid":{"rendered":"http:\/\/lode2025.local\/product\/keraterm-44\/"},"modified":"2025-05-12T17:20:47","modified_gmt":"2025-05-12T17:20:47","slug":"keraterm-44","status":"publish","type":"product","link":"https:\/\/lode.lv\/fi\/shop\/lode-rakennuspalikat\/lode-keraterm-fi\/keraterm-44\/","title":{"rendered":"Keraterm 44"},"content":{"rendered":"<p>LODE Keraterm 44 on suunniteltu maksimaalista l\u00e4mm\u00f6neristyst\u00e4 ja energiatehokkuutta silm\u00e4ll\u00e4 pit\u00e4en. Rakenteensa ansiosta n\u00e4m\u00e4 harkot v\u00e4hent\u00e4v\u00e4t l\u00e4mp\u00f6h\u00e4vi\u00f6it\u00e4 merkitt\u00e4v\u00e4sti, mik\u00e4 puolestaan v\u00e4hent\u00e4\u00e4 lis\u00e4eristysmateriaalien tarvetta. Tuote sopii erityisesti passiivi- ja matalaenergiatalojen rakentamiseen. Harkkojen suuri mekaaninen lujuus takaa pitk\u00e4aikaisen vakauden, kun taas niiden hunajakennorakenne auttaa parantamaan \u00e4\u00e4nieristyst\u00e4 varmistaen rauhallisen ja mukavan asuinymp\u00e4rist\u00f6n. LODE Keraterm 44 soveltuu rakennusten kantavien ulkoseinien kulmien ja saumojen rakentamiseen.<\/p>\n","protected":false},"excerpt":{"rendered":"<p>Rakennusharkko<\/p>\n","protected":false},"featured_media":273278,"template":"","meta":{"_acf_changed":false},"product_brand":[],"product_cat":[514,519,529],"product_tag":[],"class_list":{"0":"post-269538","1":"product","2":"type-product","3":"status-publish","4":"has-post-thumbnail","6":"product_cat-lode-keraterm-fi","7":"product_cat-lode-rakennuspalikat","8":"product_cat-rakentamista-varten","10":"first","11":"instock","12":"product-type-simple"},"acf":[],"_links":{"self":[{"href":"https:\/\/lode.lv\/fi\/wp-json\/wp\/v2\/product\/269538","targetHints":{"allow":["GET"]}}],"collection":[{"href":"https:\/\/lode.lv\/fi\/wp-json\/wp\/v2\/product"}],"about":[{"href":"https:\/\/lode.lv\/fi\/wp-json\/wp\/v2\/types\/product"}],"wp:featuredmedia":[{"embeddable":true,"href":"https:\/\/lode.lv\/fi\/wp-json\/wp\/v2\/media\/273278"}],"wp:attachment":[{"href":"https:\/\/lode.lv\/fi\/wp-json\/wp\/v2\/media?parent=269538"}],"wp:term":[{"taxonomy":"product_brand","embeddable":true,"href":"https:\/\/lode.lv\/fi\/wp-json\/wp\/v2\/product_brand?post=269538"},{"taxonomy":"product_cat","embeddable":true,"href":"https:\/\/lode.lv\/fi\/wp-json\/wp\/v2\/product_cat?post=269538"},{"taxonomy":"product_tag","embeddable":true,"href":"https:\/\/lode.lv\/fi\/wp-json\/wp\/v2\/product_tag?post=269538"}],"curies":[{"name":"wp","href":"https:\/\/api.w.org\/{rel}","templated":true}]}}