{"id":269534,"date":"2025-03-17T01:02:34","date_gmt":"2025-03-17T01:02:34","guid":{"rendered":"http:\/\/lode2025.local\/product\/kiireellinen\/"},"modified":"2025-05-12T17:29:19","modified_gmt":"2025-05-12T17:29:19","slug":"kiireellinen","status":"publish","type":"product","link":"https:\/\/lode.lv\/fi\/shop\/rakentamista-varten\/rakennustiilet\/kiireellinen\/","title":{"rendered":"Umpiharkko"},"content":{"rendered":"<p>Luonnonsavesta valmistettuja umpinaisia rakennusharkkoja ei suositella k\u00e4ytett\u00e4v\u00e4ksi kohteissa, joissa ne ovat suoraan alttiina s\u00e4\u00e4lle, kuten savupiippujen p\u00e4iss\u00e4, aidan pylv\u00e4iss\u00e4, vapaasti seisovissa rakenteissa jne. T\u00e4llaisissa tapauksissa on suositeltavaa k\u00e4ytt\u00e4\u00e4 koristetiili\u00e4. Jos rakennuselementtej\u00e4 k\u00e4ytet\u00e4\u00e4n suoraan s\u00e4\u00e4n vaikutuksille alttiissa rakenteissa, ne on aina p\u00e4\u00e4llystett\u00e4v\u00e4.  <\/p>\n","protected":false},"excerpt":{"rendered":"<p>Rakennustiilet<\/p>\n","protected":false},"featured_media":273642,"template":"","meta":{"_acf_changed":false},"product_brand":[],"product_cat":[539,529],"product_tag":[],"class_list":{"0":"post-269534","1":"product","2":"type-product","3":"status-publish","4":"has-post-thumbnail","6":"product_cat-rakennustiilet","7":"product_cat-rakentamista-varten","9":"first","10":"instock","11":"purchasable","12":"product-type-simple"},"acf":[],"_links":{"self":[{"href":"https:\/\/lode.lv\/fi\/wp-json\/wp\/v2\/product\/269534","targetHints":{"allow":["GET"]}}],"collection":[{"href":"https:\/\/lode.lv\/fi\/wp-json\/wp\/v2\/product"}],"about":[{"href":"https:\/\/lode.lv\/fi\/wp-json\/wp\/v2\/types\/product"}],"wp:featuredmedia":[{"embeddable":true,"href":"https:\/\/lode.lv\/fi\/wp-json\/wp\/v2\/media\/273642"}],"wp:attachment":[{"href":"https:\/\/lode.lv\/fi\/wp-json\/wp\/v2\/media?parent=269534"}],"wp:term":[{"taxonomy":"product_brand","embeddable":true,"href":"https:\/\/lode.lv\/fi\/wp-json\/wp\/v2\/product_brand?post=269534"},{"taxonomy":"product_cat","embeddable":true,"href":"https:\/\/lode.lv\/fi\/wp-json\/wp\/v2\/product_cat?post=269534"},{"taxonomy":"product_tag","embeddable":true,"href":"https:\/\/lode.lv\/fi\/wp-json\/wp\/v2\/product_tag?post=269534"}],"curies":[{"name":"wp","href":"https:\/\/api.w.org\/{rel}","templated":true}]}}