{"id":269525,"date":"2025-03-17T01:02:34","date_gmt":"2025-03-17T01:02:34","guid":{"rendered":"http:\/\/lode2025.local\/product\/caurumotie\/"},"modified":"2025-05-12T17:20:45","modified_gmt":"2025-05-12T17:20:45","slug":"caurumotie","status":"publish","type":"product","link":"https:\/\/lode.lv\/fi\/shop\/rakentamista-varten\/rakennustiilet\/caurumotie\/","title":{"rendered":"Rei\u2019itetty tiili"},"content":{"rendered":"<p>Rakennustiilill\u00e4 on suuri lujuus, ja niit\u00e4 k\u00e4ytet\u00e4\u00e4n muurauksessa. Rakennustiili\u00e4 ei suositella k\u00e4ytett\u00e4v\u00e4ksi alueilla, joissa ne ovat suoraan alttiina s\u00e4\u00e4olosuhteille, kuten savupiippujen p\u00e4iss\u00e4, aidanpylv\u00e4iss\u00e4, vapaasti seisovissa rakenteissa jne.<\/p>\n","protected":false},"excerpt":{"rendered":"<p>Rakennustiilet<\/p>\n","protected":false},"featured_media":273638,"template":"","meta":{"_acf_changed":false},"product_brand":[],"product_cat":[539,529],"product_tag":[],"class_list":{"0":"post-269525","1":"product","2":"type-product","3":"status-publish","4":"has-post-thumbnail","6":"product_cat-rakennustiilet","7":"product_cat-rakentamista-varten","9":"first","10":"instock","11":"purchasable","12":"product-type-simple"},"acf":[],"_links":{"self":[{"href":"https:\/\/lode.lv\/fi\/wp-json\/wp\/v2\/product\/269525","targetHints":{"allow":["GET"]}}],"collection":[{"href":"https:\/\/lode.lv\/fi\/wp-json\/wp\/v2\/product"}],"about":[{"href":"https:\/\/lode.lv\/fi\/wp-json\/wp\/v2\/types\/product"}],"wp:featuredmedia":[{"embeddable":true,"href":"https:\/\/lode.lv\/fi\/wp-json\/wp\/v2\/media\/273638"}],"wp:attachment":[{"href":"https:\/\/lode.lv\/fi\/wp-json\/wp\/v2\/media?parent=269525"}],"wp:term":[{"taxonomy":"product_brand","embeddable":true,"href":"https:\/\/lode.lv\/fi\/wp-json\/wp\/v2\/product_brand?post=269525"},{"taxonomy":"product_cat","embeddable":true,"href":"https:\/\/lode.lv\/fi\/wp-json\/wp\/v2\/product_cat?post=269525"},{"taxonomy":"product_tag","embeddable":true,"href":"https:\/\/lode.lv\/fi\/wp-json\/wp\/v2\/product_tag?post=269525"}],"curies":[{"name":"wp","href":"https:\/\/api.w.org\/{rel}","templated":true}]}}