{"id":269519,"date":"2025-03-17T01:02:34","date_gmt":"2025-03-17T01:02:34","guid":{"rendered":"http:\/\/lode2025.local\/product\/keraterm-30\/"},"modified":"2025-05-12T17:29:18","modified_gmt":"2025-05-12T17:29:18","slug":"keraterm-30","status":"publish","type":"product","link":"https:\/\/lode.lv\/fi\/shop\/lode-rakennuspalikat\/lode-keraterm-fi\/keraterm-30\/","title":{"rendered":"Keraterm 30"},"content":{"rendered":"<p>KERATERM-saviharkot ovat olleet tunnettuja ja laajalti k\u00e4yt\u00f6ss\u00e4 rakentamisessa kaikkialla It\u00e4-Euroopassa jo vuosikymmeni\u00e4. Yli 40 prosenttia asuinrakennuksista ja omakotitaloista on tehty t\u00e4st\u00e4 rakennusmateriaalista. Sein\u00e4harkkojen valmistuksessa k\u00e4ytet\u00e4\u00e4n korkealaatuisia raaka-aineita ja uusinta tuotantotekniikkaa. N\u00e4m\u00e4 rakennuselementit ovat saaneet kiitosta arkkitehdeilt\u00e4, rakennesuunnittelijoilta ja rakentajilta itselt\u00e4\u00e4n. T\u00e4st\u00e4 ovat jatkuvana osoituksena uudet rakennushankkeet, joissa k\u00e4ytet\u00e4\u00e4n KERATERM-kennoharkkoja.<\/p>\n","protected":false},"excerpt":{"rendered":"<p>Rakennusharkko<\/p>\n","protected":false},"featured_media":273298,"template":"","meta":{"_acf_changed":false},"product_brand":[],"product_cat":[514,519,529],"product_tag":[],"class_list":{"0":"post-269519","1":"product","2":"type-product","3":"status-publish","4":"has-post-thumbnail","6":"product_cat-lode-keraterm-fi","7":"product_cat-lode-rakennuspalikat","8":"product_cat-rakentamista-varten","10":"first","11":"instock","12":"product-type-simple"},"acf":[],"_links":{"self":[{"href":"https:\/\/lode.lv\/fi\/wp-json\/wp\/v2\/product\/269519","targetHints":{"allow":["GET"]}}],"collection":[{"href":"https:\/\/lode.lv\/fi\/wp-json\/wp\/v2\/product"}],"about":[{"href":"https:\/\/lode.lv\/fi\/wp-json\/wp\/v2\/types\/product"}],"wp:featuredmedia":[{"embeddable":true,"href":"https:\/\/lode.lv\/fi\/wp-json\/wp\/v2\/media\/273298"}],"wp:attachment":[{"href":"https:\/\/lode.lv\/fi\/wp-json\/wp\/v2\/media?parent=269519"}],"wp:term":[{"taxonomy":"product_brand","embeddable":true,"href":"https:\/\/lode.lv\/fi\/wp-json\/wp\/v2\/product_brand?post=269519"},{"taxonomy":"product_cat","embeddable":true,"href":"https:\/\/lode.lv\/fi\/wp-json\/wp\/v2\/product_cat?post=269519"},{"taxonomy":"product_tag","embeddable":true,"href":"https:\/\/lode.lv\/fi\/wp-json\/wp\/v2\/product_tag?post=269519"}],"curies":[{"name":"wp","href":"https:\/\/api.w.org\/{rel}","templated":true}]}}