{"id":269506,"date":"2025-03-17T01:34:23","date_gmt":"2025-03-17T01:34:23","guid":{"rendered":"http:\/\/lode2025.local\/product\/aluksen-paallikko-175\/"},"modified":"2025-05-12T17:29:15","modified_gmt":"2025-05-12T17:29:15","slug":"aluksen-paallikko-175","status":"publish","type":"product","link":"https:\/\/lode.lv\/fi\/shop\/lode-rakennuspalikat\/lode-master-fi\/aluksen-paallikko-175\/","title":{"rendered":"LODE MASTER 17.5"},"content":{"rendered":"<p>LODE Master 17.5 on suunniteltu pienten yksikerroksisten rakennusten kantavien ulko- ja v\u00e4liseinien rakentamiseen. Optimaalisen l\u00e4mm\u00f6neristyksen saavuttamiseksi tarvitaan 150 mm:n eristekerros. LODE Master 17.5 on luotettava ratkaisu rakenteisiin, joissa on puuta tai monoliittisia ter\u00e4sbetonilaattoja, ja se tarjoaa suuren vakauden ja kest\u00e4vyyden.<\/p>\n","protected":false},"excerpt":{"rendered":"<p>Rakennusharkko<\/p>\n","protected":false},"featured_media":273266,"template":"","meta":{"_acf_changed":false},"product_brand":[173],"product_cat":[530,519,529],"product_tag":[],"class_list":{"0":"post-269506","1":"product","2":"type-product","3":"status-publish","4":"has-post-thumbnail","6":"product_brand-lode-master","7":"product_cat-lode-master-fi","8":"product_cat-lode-rakennuspalikat","9":"product_cat-rakentamista-varten","11":"first","12":"instock","13":"product-type-simple"},"acf":[],"_links":{"self":[{"href":"https:\/\/lode.lv\/fi\/wp-json\/wp\/v2\/product\/269506","targetHints":{"allow":["GET"]}}],"collection":[{"href":"https:\/\/lode.lv\/fi\/wp-json\/wp\/v2\/product"}],"about":[{"href":"https:\/\/lode.lv\/fi\/wp-json\/wp\/v2\/types\/product"}],"wp:featuredmedia":[{"embeddable":true,"href":"https:\/\/lode.lv\/fi\/wp-json\/wp\/v2\/media\/273266"}],"wp:attachment":[{"href":"https:\/\/lode.lv\/fi\/wp-json\/wp\/v2\/media?parent=269506"}],"wp:term":[{"taxonomy":"product_brand","embeddable":true,"href":"https:\/\/lode.lv\/fi\/wp-json\/wp\/v2\/product_brand?post=269506"},{"taxonomy":"product_cat","embeddable":true,"href":"https:\/\/lode.lv\/fi\/wp-json\/wp\/v2\/product_cat?post=269506"},{"taxonomy":"product_tag","embeddable":true,"href":"https:\/\/lode.lv\/fi\/wp-json\/wp\/v2\/product_tag?post=269506"}],"curies":[{"name":"wp","href":"https:\/\/api.w.org\/{rel}","templated":true}]}}