{"id":269497,"date":"2025-03-17T01:34:23","date_gmt":"2025-03-17T01:34:23","guid":{"rendered":"http:\/\/lode2025.local\/product\/paallikkoalus-188\/"},"modified":"2025-05-12T17:29:13","modified_gmt":"2025-05-12T17:29:13","slug":"paallikkoalus-188","status":"publish","type":"product","link":"https:\/\/lode.lv\/fi\/shop\/lode-rakennuspalikat\/lode-master-fi\/paallikkoalus-188\/","title":{"rendered":"LODE MASTER 18.8"},"content":{"rendered":"<p>LODE Master 18.8 soveltuu ulkoseiniin ja kantaviin v\u00e4liseiniin matalissa rakennuksissa. Rakenteensa ansiosta se on eritt\u00e4in luja, mutta samalla sen helppo asennettavuus nopeuttaa rakentamista. Parhaan energiatehokkuuden saavuttamiseksi on suositeltavaa yhdist\u00e4\u00e4 tuote v\u00e4hint\u00e4\u00e4n 150 mm:n paksuiseen l\u00e4mm\u00f6neristeeseen.<\/p>\n","protected":false},"excerpt":{"rendered":"<p>Rakennusharkko<\/p>\n","protected":false},"featured_media":273294,"template":"","meta":{"_acf_changed":false},"product_brand":[173],"product_cat":[530,519,529],"product_tag":[],"class_list":{"0":"post-269497","1":"product","2":"type-product","3":"status-publish","4":"has-post-thumbnail","6":"product_brand-lode-master","7":"product_cat-lode-master-fi","8":"product_cat-lode-rakennuspalikat","9":"product_cat-rakentamista-varten","11":"first","12":"instock","13":"product-type-simple"},"acf":[],"_links":{"self":[{"href":"https:\/\/lode.lv\/fi\/wp-json\/wp\/v2\/product\/269497","targetHints":{"allow":["GET"]}}],"collection":[{"href":"https:\/\/lode.lv\/fi\/wp-json\/wp\/v2\/product"}],"about":[{"href":"https:\/\/lode.lv\/fi\/wp-json\/wp\/v2\/types\/product"}],"wp:featuredmedia":[{"embeddable":true,"href":"https:\/\/lode.lv\/fi\/wp-json\/wp\/v2\/media\/273294"}],"wp:attachment":[{"href":"https:\/\/lode.lv\/fi\/wp-json\/wp\/v2\/media?parent=269497"}],"wp:term":[{"taxonomy":"product_brand","embeddable":true,"href":"https:\/\/lode.lv\/fi\/wp-json\/wp\/v2\/product_brand?post=269497"},{"taxonomy":"product_cat","embeddable":true,"href":"https:\/\/lode.lv\/fi\/wp-json\/wp\/v2\/product_cat?post=269497"},{"taxonomy":"product_tag","embeddable":true,"href":"https:\/\/lode.lv\/fi\/wp-json\/wp\/v2\/product_tag?post=269497"}],"curies":[{"name":"wp","href":"https:\/\/api.w.org\/{rel}","templated":true}]}}