{"id":269491,"date":"2025-03-17T01:34:23","date_gmt":"2025-03-17T01:34:23","guid":{"rendered":"http:\/\/lode2025.local\/product\/master-30\/"},"modified":"2025-05-12T17:29:11","modified_gmt":"2025-05-12T17:29:11","slug":"master-30","status":"publish","type":"product","link":"https:\/\/lode.lv\/fi\/shop\/lode-rakennuspalikat\/lode-master-fi\/master-30\/","title":{"rendered":"LODE MASTER 30"},"content":{"rendered":"<p>LODE Master 30 soveltuu ulkoseiniin ja ei-kantaviin v\u00e4liseiniin. Tuote parantaa l\u00e4mm\u00f6neristyst\u00e4 ja rakenteellista lujuutta. Harkkorakenne auttaa s\u00e4ilytt\u00e4m\u00e4\u00e4n l\u00e4mp\u00f6\u00e4 talvella ja pit\u00e4m\u00e4\u00e4n yll\u00e4 miellytt\u00e4v\u00e4\u00e4 sis\u00e4ilmastoa kes\u00e4ll\u00e4. Keraaminen materiaali parantaa ilmanlaatua ja edist\u00e4\u00e4 luonnollista kosteuden s\u00e4\u00e4tely\u00e4.  <\/p>\n","protected":false},"excerpt":{"rendered":"<p>Rakennusharkko<\/p>\n","protected":false},"featured_media":273298,"template":"","meta":{"_acf_changed":false},"product_brand":[173],"product_cat":[530,519,529],"product_tag":[],"class_list":{"0":"post-269491","1":"product","2":"type-product","3":"status-publish","4":"has-post-thumbnail","6":"product_brand-lode-master","7":"product_cat-lode-master-fi","8":"product_cat-lode-rakennuspalikat","9":"product_cat-rakentamista-varten","11":"first","12":"instock","13":"product-type-simple"},"acf":[],"_links":{"self":[{"href":"https:\/\/lode.lv\/fi\/wp-json\/wp\/v2\/product\/269491","targetHints":{"allow":["GET"]}}],"collection":[{"href":"https:\/\/lode.lv\/fi\/wp-json\/wp\/v2\/product"}],"about":[{"href":"https:\/\/lode.lv\/fi\/wp-json\/wp\/v2\/types\/product"}],"wp:featuredmedia":[{"embeddable":true,"href":"https:\/\/lode.lv\/fi\/wp-json\/wp\/v2\/media\/273298"}],"wp:attachment":[{"href":"https:\/\/lode.lv\/fi\/wp-json\/wp\/v2\/media?parent=269491"}],"wp:term":[{"taxonomy":"product_brand","embeddable":true,"href":"https:\/\/lode.lv\/fi\/wp-json\/wp\/v2\/product_brand?post=269491"},{"taxonomy":"product_cat","embeddable":true,"href":"https:\/\/lode.lv\/fi\/wp-json\/wp\/v2\/product_cat?post=269491"},{"taxonomy":"product_tag","embeddable":true,"href":"https:\/\/lode.lv\/fi\/wp-json\/wp\/v2\/product_tag?post=269491"}],"curies":[{"name":"wp","href":"https:\/\/api.w.org\/{rel}","templated":true}]}}