{"id":269479,"date":"2025-03-17T01:34:23","date_gmt":"2025-03-17T01:34:23","guid":{"rendered":"http:\/\/lode2025.local\/product\/master-38\/"},"modified":"2025-05-12T17:29:07","modified_gmt":"2025-05-12T17:29:07","slug":"master-38","status":"publish","type":"product","link":"https:\/\/lode.lv\/fi\/shop\/lode-rakennuspalikat\/lode-master-fi\/master-38\/","title":{"rendered":"LODE MASTER 38"},"content":{"rendered":"<p>LODE Master 38 on kennoharkko, jolla on erinomaiset l\u00e4mm\u00f6neristys- ja mekaaniset lujuusominaisuudet ja joka on suunniteltu energiatehokasta ulkosein\u00e4rakentamista varten. Sen 380 mm:n paksuinen rakenne minimoi l\u00e4mp\u00f6h\u00e4vi\u00f6it\u00e4 ja auttaa yll\u00e4pit\u00e4m\u00e4\u00e4n tasaisia sis\u00e4tilojen l\u00e4mp\u00f6tiloja ymp\u00e4ri vuoden. Harkko sopii sek\u00e4 kantavien ett\u00e4 ei-kantavien seinien rakentamiseen. Optimaalisen energiatehokkuuden saavuttamiseksi suosittelemme lis\u00e4eristyst\u00e4.<\/p>\n","protected":false},"excerpt":{"rendered":"<p>Rakennusharkko<\/p>\n","protected":false},"featured_media":273310,"template":"","meta":{"_acf_changed":false},"product_brand":[173],"product_cat":[530,519,529],"product_tag":[],"class_list":{"0":"post-269479","1":"product","2":"type-product","3":"status-publish","4":"has-post-thumbnail","6":"product_brand-lode-master","7":"product_cat-lode-master-fi","8":"product_cat-lode-rakennuspalikat","9":"product_cat-rakentamista-varten","11":"first","12":"instock","13":"product-type-simple"},"acf":[],"_links":{"self":[{"href":"https:\/\/lode.lv\/fi\/wp-json\/wp\/v2\/product\/269479","targetHints":{"allow":["GET"]}}],"collection":[{"href":"https:\/\/lode.lv\/fi\/wp-json\/wp\/v2\/product"}],"about":[{"href":"https:\/\/lode.lv\/fi\/wp-json\/wp\/v2\/types\/product"}],"wp:featuredmedia":[{"embeddable":true,"href":"https:\/\/lode.lv\/fi\/wp-json\/wp\/v2\/media\/273310"}],"wp:attachment":[{"href":"https:\/\/lode.lv\/fi\/wp-json\/wp\/v2\/media?parent=269479"}],"wp:term":[{"taxonomy":"product_brand","embeddable":true,"href":"https:\/\/lode.lv\/fi\/wp-json\/wp\/v2\/product_brand?post=269479"},{"taxonomy":"product_cat","embeddable":true,"href":"https:\/\/lode.lv\/fi\/wp-json\/wp\/v2\/product_cat?post=269479"},{"taxonomy":"product_tag","embeddable":true,"href":"https:\/\/lode.lv\/fi\/wp-json\/wp\/v2\/product_tag?post=269479"}],"curies":[{"name":"wp","href":"https:\/\/api.w.org\/{rel}","templated":true}]}}