{"id":269478,"date":"2025-03-17T01:34:23","date_gmt":"2025-03-17T01:34:23","guid":{"rendered":"http:\/\/lode2025.local\/product\/master-44\/"},"modified":"2025-05-12T17:29:09","modified_gmt":"2025-05-12T17:29:09","slug":"master-44","status":"publish","type":"product","link":"https:\/\/lode.lv\/fi\/shop\/lode-rakennuspalikat\/lode-master-fi\/master-44\/","title":{"rendered":"LODE MASTER 44"},"content":{"rendered":"<p>LODE Master 44 on ulkoseiniin ja v\u00e4liseiniin suunniteltu kennoharkko. Sen materiaali ja ontto rakenne v\u00e4hent\u00e4v\u00e4t l\u00e4mp\u00f6h\u00e4vi\u00f6it\u00e4 tehokkaasti, mik\u00e4 takaa energiatehokkaan ja miellytt\u00e4v\u00e4n sis\u00e4ilmaston. Harkko on suunniteltu k\u00e4ytett\u00e4v\u00e4ksi yhdess\u00e4 v\u00e4hint\u00e4\u00e4n 150 mm paksun l\u00e4mm\u00f6neristysmateriaalin (mineraalivilla tai solumuovi) kanssa optimaalisen energiatehokkuuden varmistamiseksi. Keraamisen materiaalin luonnollisten ominaisuuksien ansiosta sein\u00e4t s\u00e4\u00e4telev\u00e4t hyvin kosteustasoja ja parantavat sis\u00e4ilman laatua.<\/p>\n","protected":false},"excerpt":{"rendered":"<p>Rakennusharkko<\/p>\n","protected":false},"featured_media":273278,"template":"","meta":{"_acf_changed":false},"product_brand":[173],"product_cat":[530,519,529],"product_tag":[],"class_list":{"0":"post-269478","1":"product","2":"type-product","3":"status-publish","4":"has-post-thumbnail","6":"product_brand-lode-master","7":"product_cat-lode-master-fi","8":"product_cat-lode-rakennuspalikat","9":"product_cat-rakentamista-varten","11":"first","12":"instock","13":"product-type-simple"},"acf":[],"_links":{"self":[{"href":"https:\/\/lode.lv\/fi\/wp-json\/wp\/v2\/product\/269478","targetHints":{"allow":["GET"]}}],"collection":[{"href":"https:\/\/lode.lv\/fi\/wp-json\/wp\/v2\/product"}],"about":[{"href":"https:\/\/lode.lv\/fi\/wp-json\/wp\/v2\/types\/product"}],"wp:featuredmedia":[{"embeddable":true,"href":"https:\/\/lode.lv\/fi\/wp-json\/wp\/v2\/media\/273278"}],"wp:attachment":[{"href":"https:\/\/lode.lv\/fi\/wp-json\/wp\/v2\/media?parent=269478"}],"wp:term":[{"taxonomy":"product_brand","embeddable":true,"href":"https:\/\/lode.lv\/fi\/wp-json\/wp\/v2\/product_brand?post=269478"},{"taxonomy":"product_cat","embeddable":true,"href":"https:\/\/lode.lv\/fi\/wp-json\/wp\/v2\/product_cat?post=269478"},{"taxonomy":"product_tag","embeddable":true,"href":"https:\/\/lode.lv\/fi\/wp-json\/wp\/v2\/product_tag?post=269478"}],"curies":[{"name":"wp","href":"https:\/\/api.w.org\/{rel}","templated":true}]}}