{"id":269466,"date":"2025-03-17T01:34:23","date_gmt":"2025-03-17T01:34:23","guid":{"rendered":"http:\/\/lode2025.local\/product\/master-50\/"},"modified":"2025-05-12T17:29:01","modified_gmt":"2025-05-12T17:29:01","slug":"master-50","status":"publish","type":"product","link":"https:\/\/lode.lv\/fi\/shop\/lode-rakennuspalikat\/lode-master-fi\/master-50\/","title":{"rendered":"LODE MASTER 50"},"content":{"rendered":"<p>LODE Master 50 on massiivinen ja tehokas harkko, joka tarjoaa maksimaalisen l\u00e4mm\u00f6neristyksen ilman lis\u00e4eristysmateriaaleja. Sen paksuus takaa erinomaisen energiatehokkuuden v\u00e4hent\u00e4en merkitt\u00e4v\u00e4sti l\u00e4mp\u00f6h\u00e4vi\u00f6it\u00e4 ja l\u00e4mmityskustannuksia. LODE Master 50 soveltuu kantavien ulkoseinien rakentamiseen asuin- ja muissa rakennuksissa ja takaa korkean rakenteellisen lujuuden ja miellytt\u00e4v\u00e4n mikroilmaston. Lis\u00e4ksi harkko tarjoaa hyv\u00e4n \u00e4\u00e4nieristyksen, mik\u00e4 tekee huoneista hiljaisempia ja miellytt\u00e4v\u00e4mpi\u00e4 asua.<\/p>\n","protected":false},"excerpt":{"rendered":"<p>Rakennusharkko<\/p>\n","protected":false},"featured_media":273282,"template":"","meta":{"_acf_changed":false},"product_brand":[173],"product_cat":[530,519,529],"product_tag":[],"class_list":{"0":"post-269466","1":"product","2":"type-product","3":"status-publish","4":"has-post-thumbnail","6":"product_brand-lode-master","7":"product_cat-lode-master-fi","8":"product_cat-lode-rakennuspalikat","9":"product_cat-rakentamista-varten","11":"first","12":"instock","13":"product-type-simple"},"acf":[],"_links":{"self":[{"href":"https:\/\/lode.lv\/fi\/wp-json\/wp\/v2\/product\/269466","targetHints":{"allow":["GET"]}}],"collection":[{"href":"https:\/\/lode.lv\/fi\/wp-json\/wp\/v2\/product"}],"about":[{"href":"https:\/\/lode.lv\/fi\/wp-json\/wp\/v2\/types\/product"}],"wp:featuredmedia":[{"embeddable":true,"href":"https:\/\/lode.lv\/fi\/wp-json\/wp\/v2\/media\/273282"}],"wp:attachment":[{"href":"https:\/\/lode.lv\/fi\/wp-json\/wp\/v2\/media?parent=269466"}],"wp:term":[{"taxonomy":"product_brand","embeddable":true,"href":"https:\/\/lode.lv\/fi\/wp-json\/wp\/v2\/product_brand?post=269466"},{"taxonomy":"product_cat","embeddable":true,"href":"https:\/\/lode.lv\/fi\/wp-json\/wp\/v2\/product_cat?post=269466"},{"taxonomy":"product_tag","embeddable":true,"href":"https:\/\/lode.lv\/fi\/wp-json\/wp\/v2\/product_tag?post=269466"}],"curies":[{"name":"wp","href":"https:\/\/api.w.org\/{rel}","templated":true}]}}